{"id":11,"date":"2015-07-29T13:49:24","date_gmt":"2015-07-29T13:49:24","guid":{"rendered":"https:\/\/zakra-professional.sites.qsandbox.com\/?page_id=11"},"modified":"2025-07-22T15:59:10","modified_gmt":"2025-07-22T15:59:10","slug":"blog","status":"publish","type":"page","link":"https:\/\/brunomeza.com\/index.php\/blog\/","title":{"rendered":"Blog de Bruno Meza"},"content":{"rendered":"\n<div class=\"wp-block-query alignwide is-layout-constrained wp-block-query-is-layout-constrained\"><ul class=\"alignwide wp-block-post-template is-layout-flow wp-block-post-template-is-layout-flow\"><li class=\"wp-block-post post-10723 post type-post status-publish format-standard hentry category-sin-categoria-es\">\n\n<div class=\"wp-block-group is-layout-constrained wp-block-group-is-layout-constrained\"><h2 class=\"alignwide wp-block-post-title has-var-wp-custom-typography-font-size-huge-clamp-2-25-rem-4-vw-2-75-rem-font-size\"><a href=\"https:\/\/brunomeza.com\/index.php\/2025\/09\/22\/diario-de-trading-para-ninjatrader-8-promocion\/\" target=\"_self\" >Diario de trading para NinjaTrader 8<\/a><\/h2>\n\n\n\n\n<div class=\"wp-block-columns alignwide is-layout-flex wp-container-core-columns-is-layout-28f84493 wp-block-columns-is-layout-flex\">\n<div class=\"wp-block-column is-layout-flow wp-block-column-is-layout-flow\" style=\"flex-basis:650px\"><div class=\"wp-block-post-excerpt\"><p class=\"wp-block-post-excerpt__excerpt\">Al adquirir cualquier producto de la tienda de BRUNO MEZA obtendr\u00e1s acceso ilimitado y gratuito al diario de trading. \u00bfSabes por qu\u00e9 la mayor\u00eda de los traders no logran la rentabilidad? No es por falta de una buena estrategia. Tampoco es por falta de capital. La raz\u00f3n n\u00famero uno es la falta de medici\u00f3n. El&hellip; <\/p><\/div>\n\n<div style=\"font-style:italic;font-weight:400;\" class=\"wp-block-post-date has-small-font-size\"><time datetime=\"2025-09-22T04:48:53+00:00\"><a href=\"https:\/\/brunomeza.com\/index.php\/2025\/09\/22\/diario-de-trading-para-ninjatrader-8-promocion\/\">septiembre 22, 2025<\/a><\/time><\/div><\/div>\n\n\n\n<div class=\"wp-block-column is-layout-flow wp-block-column-is-layout-flow\"><\/div>\n<\/div>\n\n\n\n<div style=\"height:16px\" aria-hidden=\"true\" class=\"wp-block-spacer\"><\/div>\n\n\n\n<hr class=\"wp-block-separator has-css-opacity alignwide is-style-wide\"\/>\n\n\n\n<div style=\"height:16px\" aria-hidden=\"true\" class=\"wp-block-spacer\"><\/div>\n<\/div>\n\n<\/li><li class=\"wp-block-post post-6938 post type-post status-publish format-standard hentry category-sin-categoria-es\">\n\n<div class=\"wp-block-group is-layout-constrained wp-block-group-is-layout-constrained\"><h2 class=\"alignwide wp-block-post-title has-var-wp-custom-typography-font-size-huge-clamp-2-25-rem-4-vw-2-75-rem-font-size\"><a href=\"https:\/\/brunomeza.com\/index.php\/2024\/10\/15\/que-ocurre-al-replicar-con-un-replicador-de-otra-marca-mientras-utilizo-el-gestor-emocional-para-ninjatrader-8\/\" target=\"_self\" >\u00bfQu\u00e9 ocurre al replicar con un replicador de otra marca mientras utilizo el Gestor Emocional para NinjaTrader 8?<\/a><\/h2>\n\n\n\n\n<div class=\"wp-block-columns alignwide is-layout-flex wp-container-core-columns-is-layout-28f84493 wp-block-columns-is-layout-flex\">\n<div class=\"wp-block-column is-layout-flow wp-block-column-is-layout-flow\" style=\"flex-basis:650px\"><div class=\"wp-block-post-excerpt\"><p class=\"wp-block-post-excerpt__excerpt\">Si decides usar un replicador de otra marca junto con el Gestor Emocional para NinjaTrader 8, es importante saber que no existir\u00e1 una comunicaci\u00f3n directa entre el replicador de la otra marca y el gestor emocional, lo que puede generar ciertos escenarios no deseados. Con NUESTRO replicador de NinjaTrader 8 a NinjaTrader 8: Si una&hellip; <\/p><\/div>\n\n<div style=\"font-style:italic;font-weight:400;\" class=\"wp-block-post-date has-small-font-size\"><time datetime=\"2024-10-15T01:36:25+00:00\"><a href=\"https:\/\/brunomeza.com\/index.php\/2024\/10\/15\/que-ocurre-al-replicar-con-un-replicador-de-otra-marca-mientras-utilizo-el-gestor-emocional-para-ninjatrader-8\/\">octubre 15, 2024<\/a><\/time><\/div><\/div>\n\n\n\n<div class=\"wp-block-column is-layout-flow wp-block-column-is-layout-flow\"><\/div>\n<\/div>\n\n\n\n<div style=\"height:16px\" aria-hidden=\"true\" class=\"wp-block-spacer\"><\/div>\n\n\n\n<hr class=\"wp-block-separator has-css-opacity alignwide is-style-wide\"\/>\n\n\n\n<div style=\"height:16px\" aria-hidden=\"true\" class=\"wp-block-spacer\"><\/div>\n<\/div>\n\n<\/li><li class=\"wp-block-post post-5508 post type-post status-publish format-standard hentry category-sin-categoria-es\">\n\n<div class=\"wp-block-group is-layout-constrained wp-block-group-is-layout-constrained\"><h2 class=\"alignwide wp-block-post-title has-var-wp-custom-typography-font-size-huge-clamp-2-25-rem-4-vw-2-75-rem-font-size\"><a href=\"https:\/\/brunomeza.com\/index.php\/2024\/06\/15\/configuracion-de-los-parametros-del-gestor-emocional-para-ninjatrader-8\/\" target=\"_self\" >Configuraci\u00f3n de los par\u00e1metros del Gestor Emocional para NinjaTrader 8<\/a><\/h2>\n\n\n\n\n<div class=\"wp-block-columns alignwide is-layout-flex wp-container-core-columns-is-layout-28f84493 wp-block-columns-is-layout-flex\">\n<div class=\"wp-block-column is-layout-flow wp-block-column-is-layout-flow\" style=\"flex-basis:650px\"><div class=\"wp-block-post-excerpt\"><p class=\"wp-block-post-excerpt__excerpt\">\ud83c\udfaf Nombre de la Plantilla Este campo permite al usuario asignar un nombre \u00fanico a cada plantilla emocional. Esto facilita la gesti\u00f3n y la personalizaci\u00f3n de diferentes estrategias de trading seg\u00fan las necesidades individuales. \ud83d\udd52 Horas Operativas \ud83d\udcf0 Noticias \ud83d\udc94 M\u00e1xima P\u00e9rdida por Trade \ud83d\udcb0 M\u00e1xima Ganancia por Trade \ud83d\udcc9 P\u00e9rdida Diaria M\u00e1xima \ud83d\udd04 P\u00e9rdida&hellip; <\/p><\/div>\n\n<div style=\"font-style:italic;font-weight:400;\" class=\"wp-block-post-date has-small-font-size\"><time datetime=\"2024-06-15T04:38:08+00:00\"><a href=\"https:\/\/brunomeza.com\/index.php\/2024\/06\/15\/configuracion-de-los-parametros-del-gestor-emocional-para-ninjatrader-8\/\">junio 15, 2024<\/a><\/time><\/div><\/div>\n\n\n\n<div class=\"wp-block-column is-layout-flow wp-block-column-is-layout-flow\"><\/div>\n<\/div>\n\n\n\n<div style=\"height:16px\" aria-hidden=\"true\" class=\"wp-block-spacer\"><\/div>\n\n\n\n<hr class=\"wp-block-separator has-css-opacity alignwide is-style-wide\"\/>\n\n\n\n<div style=\"height:16px\" aria-hidden=\"true\" class=\"wp-block-spacer\"><\/div>\n<\/div>\n\n<\/li><li class=\"wp-block-post post-4078 post type-post status-publish format-standard hentry category-sin-categoria-es\">\n\n<div class=\"wp-block-group is-layout-constrained wp-block-group-is-layout-constrained\"><h2 class=\"alignwide wp-block-post-title has-var-wp-custom-typography-font-size-huge-clamp-2-25-rem-4-vw-2-75-rem-font-size\"><a href=\"https:\/\/brunomeza.com\/index.php\/2023\/11\/13\/como-utilizar-correctamente-el-replicador-de-ninjatrader-8-a-ninjatrader-8\/\" target=\"_self\" >C\u00f3mo utilizar correctamente el replicador de NinjaTrader 8 hacia NinjaTrader 8<\/a><\/h2>\n\n\n\n\n<div class=\"wp-block-columns alignwide is-layout-flex wp-container-core-columns-is-layout-28f84493 wp-block-columns-is-layout-flex\">\n<div class=\"wp-block-column is-layout-flow wp-block-column-is-layout-flow\" style=\"flex-basis:650px\"><div class=\"wp-block-post-excerpt\"><p class=\"wp-block-post-excerpt__excerpt\">Antes de instalar el replicador de NinjaTrader 8 hacia NinjaTrader 8, es fundamental leer este art\u00edculo para asegurar una experiencia fluida. \ud83d\udd04 Dos modos de funcionamiento: Versi\u00f3n Completa y Market Edition El replicador incluye dos modos: \ud83d\ude80 Versi\u00f3n COMPLETA o NORMAL Este modo replica todas las operaciones de la cuenta padre usando la forma original&hellip; <\/p><\/div>\n\n<div style=\"font-style:italic;font-weight:400;\" class=\"wp-block-post-date has-small-font-size\"><time datetime=\"2023-11-13T02:12:47+00:00\"><a href=\"https:\/\/brunomeza.com\/index.php\/2023\/11\/13\/como-utilizar-correctamente-el-replicador-de-ninjatrader-8-a-ninjatrader-8\/\">noviembre 13, 2023<\/a><\/time><\/div><\/div>\n\n\n\n<div class=\"wp-block-column is-layout-flow wp-block-column-is-layout-flow\"><\/div>\n<\/div>\n\n\n\n<div style=\"height:16px\" aria-hidden=\"true\" class=\"wp-block-spacer\"><\/div>\n\n\n\n<hr class=\"wp-block-separator has-css-opacity alignwide is-style-wide\"\/>\n\n\n\n<div style=\"height:16px\" aria-hidden=\"true\" class=\"wp-block-spacer\"><\/div>\n<\/div>\n\n<\/li><li class=\"wp-block-post post-511 post type-post status-publish format-standard hentry category-sin-categoria-es\">\n\n<div class=\"wp-block-group is-layout-constrained wp-block-group-is-layout-constrained\"><h2 class=\"alignwide wp-block-post-title has-var-wp-custom-typography-font-size-huge-clamp-2-25-rem-4-vw-2-75-rem-font-size\"><a href=\"https:\/\/brunomeza.com\/index.php\/2021\/01\/13\/copiadoras-marketedition-ventajas-y-desventajas\/\" target=\"_self\" >Replicadoras MarketEdition &#8211; Ventajas y desventajas<\/a><\/h2>\n\n\n\n\n<div class=\"wp-block-columns alignwide is-layout-flex wp-container-core-columns-is-layout-28f84493 wp-block-columns-is-layout-flex\">\n<div class=\"wp-block-column is-layout-flow wp-block-column-is-layout-flow\" style=\"flex-basis:650px\"><div class=\"wp-block-post-excerpt\"><p class=\"wp-block-post-excerpt__excerpt\">\ud83d\ude80 \u00bfQu\u00e9 es el modo Market Edition de Bruno Meza? El Market Edition es un modo de funcionamiento exclusivo de los replicadores de Bruno Meza, dise\u00f1ado para mejorar la replicaci\u00f3n entre mercados con diferentes precios, como futuros y CFDs, garantizando siempre una ejecuci\u00f3n precisa. \ud83d\udcca \ud83d\udca1 \u00bfC\u00f3mo funciona?Cuando una orden limitada es ejecutada en la&hellip; <\/p><\/div>\n\n<div style=\"font-style:italic;font-weight:400;\" class=\"wp-block-post-date has-small-font-size\"><time datetime=\"2021-01-13T22:07:02+00:00\"><a href=\"https:\/\/brunomeza.com\/index.php\/2021\/01\/13\/copiadoras-marketedition-ventajas-y-desventajas\/\">enero 13, 2021<\/a><\/time><\/div><\/div>\n\n\n\n<div class=\"wp-block-column is-layout-flow wp-block-column-is-layout-flow\"><\/div>\n<\/div>\n\n\n\n<div style=\"height:16px\" aria-hidden=\"true\" class=\"wp-block-spacer\"><\/div>\n\n\n\n<hr class=\"wp-block-separator has-css-opacity alignwide is-style-wide\"\/>\n\n\n\n<div style=\"height:16px\" aria-hidden=\"true\" class=\"wp-block-spacer\"><\/div>\n<\/div>\n\n<\/li><li class=\"wp-block-post post-1 post type-post status-publish format-standard hentry category-sin-categoria-es\">\n\n<div class=\"wp-block-group is-layout-constrained wp-block-group-is-layout-constrained\"><h2 class=\"alignwide wp-block-post-title has-var-wp-custom-typography-font-size-huge-clamp-2-25-rem-4-vw-2-75-rem-font-size\"><a href=\"https:\/\/brunomeza.com\/index.php\/2020\/05\/04\/hello-world\/\" target=\"_self\" >Para vivir este proyecto con Dios<\/a><\/h2>\n\n\n\n\n<div class=\"wp-block-columns alignwide is-layout-flex wp-container-core-columns-is-layout-28f84493 wp-block-columns-is-layout-flex\">\n<div class=\"wp-block-column is-layout-flow wp-block-column-is-layout-flow\" style=\"flex-basis:650px\"><div class=\"wp-block-post-excerpt\"><p class=\"wp-block-post-excerpt__excerpt\">Dios amado,coloco delante de ti este negocio que me has permitido construir.T\u00fa conoces mi coraz\u00f3n, mis miedos, mis sue\u00f1os y el deseo profundo que tengo de ayudar a las personas a trav\u00e9s de este trabajo. Te pido que seas siempre el verdadero Due\u00f1o y Gu\u00eda de todo lo que aqu\u00ed se hace. Se\u00f1or, l\u00edbrame de&hellip; <\/p><\/div>\n\n<div style=\"font-style:italic;font-weight:400;\" class=\"wp-block-post-date has-small-font-size\"><time datetime=\"2020-05-04T06:54:08+00:00\"><a href=\"https:\/\/brunomeza.com\/index.php\/2020\/05\/04\/hello-world\/\">mayo 4, 2020<\/a><\/time><\/div><\/div>\n\n\n\n<div class=\"wp-block-column is-layout-flow wp-block-column-is-layout-flow\"><\/div>\n<\/div>\n\n\n\n<div style=\"height:16px\" aria-hidden=\"true\" class=\"wp-block-spacer\"><\/div>\n\n\n\n<hr class=\"wp-block-separator has-css-opacity alignwide is-style-wide\"\/>\n\n\n\n<div style=\"height:16px\" aria-hidden=\"true\" class=\"wp-block-spacer\"><\/div>\n<\/div>\n\n<\/li><\/ul>\n\n<\/div>\n","protected":false},"excerpt":{"rendered":"","protected":false},"author":1,"featured_media":0,"parent":0,"menu_order":0,"comment_status":"open","ping_status":"open","template":"","meta":{"footnotes":""},"class_list":["post-11","page","type-page","status-publish","hentry"],"yoast_head":"<!-- This site is optimized with the Yoast SEO plugin v25.5 - https:\/\/yoast.com\/wordpress\/plugins\/seo\/ -->\n<title>Blog de Bruno Meza - BRUNO MEZA<\/title>\n<meta name=\"robots\" content=\"index, follow, max-snippet:-1, max-image-preview:large, max-video-preview:-1\" \/>\n<link rel=\"canonical\" href=\"https:\/\/brunomeza.com\/index.php\/blog\/\" \/>\n<meta property=\"og:locale\" content=\"es_ES\" \/>\n<meta property=\"og:type\" content=\"article\" \/>\n<meta property=\"og:title\" content=\"Blog de Bruno Meza - BRUNO MEZA\" \/>\n<meta property=\"og:url\" content=\"https:\/\/brunomeza.com\/index.php\/blog\/\" \/>\n<meta property=\"og:site_name\" content=\"BRUNO MEZA\" \/>\n<meta property=\"article:modified_time\" content=\"2025-07-22T15:59:10+00:00\" \/>\n<meta name=\"twitter:card\" content=\"summary_large_image\" \/>\n<script type=\"application\/ld+json\" class=\"yoast-schema-graph\">{\"@context\":\"https:\/\/schema.org\",\"@graph\":[{\"@type\":[\"WebPage\",\"CollectionPage\"],\"@id\":\"https:\/\/brunomeza.com\/index.php\/blog\/\",\"url\":\"https:\/\/brunomeza.com\/index.php\/blog\/\",\"name\":\"Blog de Bruno Meza - BRUNO MEZA\",\"isPartOf\":{\"@id\":\"https:\/\/brunomeza.com\/#website\"},\"datePublished\":\"2015-07-29T13:49:24+00:00\",\"dateModified\":\"2025-07-22T15:59:10+00:00\",\"breadcrumb\":{\"@id\":\"https:\/\/brunomeza.com\/index.php\/blog\/#breadcrumb\"},\"inLanguage\":\"es\"},{\"@type\":\"BreadcrumbList\",\"@id\":\"https:\/\/brunomeza.com\/index.php\/blog\/#breadcrumb\",\"itemListElement\":[{\"@type\":\"ListItem\",\"position\":1,\"name\":\"Portada\",\"item\":\"https:\/\/brunomeza.com\/\"},{\"@type\":\"ListItem\",\"position\":2,\"name\":\"Blog de Bruno Meza\"}]},{\"@type\":\"WebSite\",\"@id\":\"https:\/\/brunomeza.com\/#website\",\"url\":\"https:\/\/brunomeza.com\/\",\"name\":\"BRUNO MEZA\",\"description\":\"Programaci\u00f3n e inversi\u00f3n\",\"publisher\":{\"@id\":\"https:\/\/brunomeza.com\/#organization\"},\"potentialAction\":[{\"@type\":\"SearchAction\",\"target\":{\"@type\":\"EntryPoint\",\"urlTemplate\":\"https:\/\/brunomeza.com\/?s={search_term_string}\"},\"query-input\":{\"@type\":\"PropertyValueSpecification\",\"valueRequired\":true,\"valueName\":\"search_term_string\"}}],\"inLanguage\":\"es\"},{\"@type\":\"Organization\",\"@id\":\"https:\/\/brunomeza.com\/#organization\",\"name\":\"Bruno Meza\",\"url\":\"https:\/\/brunomeza.com\/\",\"logo\":{\"@type\":\"ImageObject\",\"inLanguage\":\"es\",\"@id\":\"https:\/\/brunomeza.com\/#\/schema\/logo\/image\/\",\"url\":\"https:\/\/brunomeza.com\/wp-content\/uploads\/2021\/02\/logoBruno.png\",\"contentUrl\":\"https:\/\/brunomeza.com\/wp-content\/uploads\/2021\/02\/logoBruno.png\",\"width\":800,\"height\":800,\"caption\":\"Bruno Meza\"},\"image\":{\"@id\":\"https:\/\/brunomeza.com\/#\/schema\/logo\/image\/\"}}]}<\/script>\n<!-- \/ Yoast SEO plugin. -->","yoast_head_json":{"title":"Blog de Bruno Meza - BRUNO MEZA","robots":{"index":"index","follow":"follow","max-snippet":"max-snippet:-1","max-image-preview":"max-image-preview:large","max-video-preview":"max-video-preview:-1"},"canonical":"https:\/\/brunomeza.com\/index.php\/blog\/","og_locale":"es_ES","og_type":"article","og_title":"Blog de Bruno Meza - BRUNO MEZA","og_url":"https:\/\/brunomeza.com\/index.php\/blog\/","og_site_name":"BRUNO MEZA","article_modified_time":"2025-07-22T15:59:10+00:00","twitter_card":"summary_large_image","schema":{"@context":"https:\/\/schema.org","@graph":[{"@type":["WebPage","CollectionPage"],"@id":"https:\/\/brunomeza.com\/index.php\/blog\/","url":"https:\/\/brunomeza.com\/index.php\/blog\/","name":"Blog de Bruno Meza - BRUNO MEZA","isPartOf":{"@id":"https:\/\/brunomeza.com\/#website"},"datePublished":"2015-07-29T13:49:24+00:00","dateModified":"2025-07-22T15:59:10+00:00","breadcrumb":{"@id":"https:\/\/brunomeza.com\/index.php\/blog\/#breadcrumb"},"inLanguage":"es"},{"@type":"BreadcrumbList","@id":"https:\/\/brunomeza.com\/index.php\/blog\/#breadcrumb","itemListElement":[{"@type":"ListItem","position":1,"name":"Portada","item":"https:\/\/brunomeza.com\/"},{"@type":"ListItem","position":2,"name":"Blog de Bruno Meza"}]},{"@type":"WebSite","@id":"https:\/\/brunomeza.com\/#website","url":"https:\/\/brunomeza.com\/","name":"BRUNO MEZA","description":"Programaci\u00f3n e inversi\u00f3n","publisher":{"@id":"https:\/\/brunomeza.com\/#organization"},"potentialAction":[{"@type":"SearchAction","target":{"@type":"EntryPoint","urlTemplate":"https:\/\/brunomeza.com\/?s={search_term_string}"},"query-input":{"@type":"PropertyValueSpecification","valueRequired":true,"valueName":"search_term_string"}}],"inLanguage":"es"},{"@type":"Organization","@id":"https:\/\/brunomeza.com\/#organization","name":"Bruno Meza","url":"https:\/\/brunomeza.com\/","logo":{"@type":"ImageObject","inLanguage":"es","@id":"https:\/\/brunomeza.com\/#\/schema\/logo\/image\/","url":"https:\/\/brunomeza.com\/wp-content\/uploads\/2021\/02\/logoBruno.png","contentUrl":"https:\/\/brunomeza.com\/wp-content\/uploads\/2021\/02\/logoBruno.png","width":800,"height":800,"caption":"Bruno Meza"},"image":{"@id":"https:\/\/brunomeza.com\/#\/schema\/logo\/image\/"}}]}},"_links":{"self":[{"href":"https:\/\/brunomeza.com\/index.php\/wp-json\/wp\/v2\/pages\/11","targetHints":{"allow":["GET"]}}],"collection":[{"href":"https:\/\/brunomeza.com\/index.php\/wp-json\/wp\/v2\/pages"}],"about":[{"href":"https:\/\/brunomeza.com\/index.php\/wp-json\/wp\/v2\/types\/page"}],"author":[{"embeddable":true,"href":"https:\/\/brunomeza.com\/index.php\/wp-json\/wp\/v2\/users\/1"}],"replies":[{"embeddable":true,"href":"https:\/\/brunomeza.com\/index.php\/wp-json\/wp\/v2\/comments?post=11"}],"version-history":[{"count":2,"href":"https:\/\/brunomeza.com\/index.php\/wp-json\/wp\/v2\/pages\/11\/revisions"}],"predecessor-version":[{"id":10141,"href":"https:\/\/brunomeza.com\/index.php\/wp-json\/wp\/v2\/pages\/11\/revisions\/10141"}],"wp:attachment":[{"href":"https:\/\/brunomeza.com\/index.php\/wp-json\/wp\/v2\/media?parent=11"}],"curies":[{"name":"wp","href":"https:\/\/api.w.org\/{rel}","templated":true}]}}