{"id":3,"date":"2020-11-30T03:04:59","date_gmt":"2020-11-30T03:04:59","guid":{"rendered":"https:\/\/www.brunomeza.com\/?page_id=3"},"modified":"2024-08-21T05:06:34","modified_gmt":"2024-08-21T05:06:34","slug":"privacy-policy","status":"publish","type":"page","link":"https:\/\/brunomeza.com\/index.php\/privacy-policy\/","title":{"rendered":"Pol\u00edticas de privacidad"},"content":{"rendered":"\n<p><strong>Pol\u00edtica de Privacidad de Datos<\/strong><\/p>\n\n\n\n<p>El presente contrato estipula la pol\u00edtica de privacidad (en adelante, la \u00abPOL\u00cdTICA DE PRIVACIDAD\u00bb) aplicable a los datos vinculados a la utilizaci\u00f3n de los SITIOS WEBS identificados con las URLs \u201cbrunomeza.com\u201d (en adelante, los \u201cSITIOS WEBS\u201d), las estrategias, herramientas e indicadores descritos en el presente (en adelante, las \u201cAPLICACIONES\u201d), y los servicios ofrecidos por BM TRADING LLC, domiciliada en 500 4th St Nw, Suite 102 #2851, Albuquerque, New Mexico 87102 US (en adelante, \u00abBM TRADING\u00bb), a trav\u00e9s de los mismos, como as\u00ed tambi\u00e9n a los datos que se vinculen a las relaciones e interacciones derivadas y\/o vinculadas a \u00e9stas, ya sea a trav\u00e9s de las cuentas oficiales de sus redes sociales o cualquier otro canal electr\u00f3nico que resulte expresamente informado a trav\u00e9s de los SITIOS WEBS y\/o las APLICACIONES y\/o los SERVICIOS, o comunicaciones oficiales por v\u00eda electr\u00f3nica, que provengan de sus dominios web. Toda persona humana y\/o jur\u00eddica (en adelante, \u201cUSUARIO\u201d) que ingrese, utilice y\/o de modo alguno interact\u00fae con los SITIOS WEBS y\/o las APLICACIONES y\/o los SERVICIOS de BM TRADING, inclusive a trav\u00e9s de las redes sociales o se sirva de los servicios que ofrezca o provea BM TRADING, deber\u00e1 realizarlo obligatoriamente bajo aceptaci\u00f3n de la aplicaci\u00f3n de la presente pol\u00edtica de privacidad respecto de los datos que pudieran recabarse y\/o sean provistos, directa o indirectamente. El acceso a los SITIOS WEBS, las APLICACIONES y los SERVICIOS, a los datos y las secciones contenidas en los mismos, y el suministro de informaci\u00f3n requerida en los diferentes formularios y procesos de solicitudes de compra, servicios, registro y\/o contacto, implica necesariamente que el USUARIO acepta las condiciones establecidas en la presente POL\u00cdTICA DE PRIVACIDAD. Los datos solicitados ser\u00e1n utilizados para mejorar y personalizar los servicios provistos. El USUARIO acepta y otorga autorizaci\u00f3n a BM TRADING para que realice el tratamiento de sus datos, al efecto de una correcta evaluaci\u00f3n de su solicitud, como as\u00ed tambi\u00e9n lo autoriza para que \u00e9stos puedan ser conservados, incluso con posterioridad a la finalizaci\u00f3n de la relaci\u00f3n, para posibilitar futuros contactos. El USUARIO reconoce que la informaci\u00f3n recopilada no constituye base de datos. Versi\u00f3n actual del contrato de pol\u00edticas de privacidad: 1.0 \u2013 20\/08\/2024.<\/p>\n\n\n\n<h3 class=\"wp-block-heading\">General<\/h3>\n\n\n\n<p>BM TRADING respeta la privacidad de todos los individuos que visitan sus SITIOS WEBS y utilizan sus APLICACIONES y SERVICIOS. Esta POL\u00cdTICA DE PRIVACIDAD refleja la informaci\u00f3n que BM TRADING recoge y obtiene directa o indirectamente del USUARIO por su interacci\u00f3n con los SITIOS WEBS, las APLICACIONES y los SERVICIOS y el modo en que dicha informaci\u00f3n va a ser utilizada. BM TRADING proporciona al USUARIO la posibilidad, cuando as\u00ed lo solicite y conforme exigencias y normativas vigentes, de acceder a su informaci\u00f3n personal y, en su caso, proceder a su actualizaci\u00f3n, rectificaci\u00f3n o supresi\u00f3n si correspondiere o as\u00ed se solicitare.<\/p>\n\n\n\n<h3 class=\"wp-block-heading\">Informaci\u00f3n Personal<\/h3>\n\n\n\n<p>Es necesario que, para acceder los SITIOS WEBS, las APLICACIONES y los SERVICIOS de BM TRADING, sea brindada voluntariamente cierta informaci\u00f3n personal con el objeto de contar con la posibilidad de contratar alguno de los servicios y\/o adquirir los productos ofrecidos. En tal sentido, el USUARIO garantiza que la informaci\u00f3n que suministre a BM TRADING es propia, fidedigna, exacta y actualizada, adoptando el car\u00e1cter de declaraci\u00f3n jurada, siendo el USUARIO responsable de los perjuicios y toda otra consecuencia legal y jur\u00eddica que por el incumplimiento en la veracidad de la informaci\u00f3n brindada pudiere causar a BM TRADING y\/o terceros. Por lo tanto, el USUARIO asume la responsabilidad de comunicar de forma inmediata a BM TRADING cualquier modificaci\u00f3n que ocurriera en los mismos.<\/p>\n\n\n\n<h3 class=\"wp-block-heading\">Tratamiento de la Informaci\u00f3n Personal<\/h3>\n\n\n\n<p>El tratamiento automatizado de los datos personales del USUARIO tiene como finalidad el mantenimiento, an\u00e1lisis y toma de decisiones relativas a la relaci\u00f3n contractual que en su caso establezca con BM TRADING y\/o, as\u00ed como la gesti\u00f3n, administraci\u00f3n, prestaci\u00f3n, ampliaci\u00f3n y mejora de los servicios que el USUARIO pudiera decidir suscribir, o pueda serle ofrecido, como tambi\u00e9n ser utilizado para la adecuaci\u00f3n de dichos servicios a sus preferencias y gustos, estudio de la utilizaci\u00f3n de los servicios por parte del USUARIO, dise\u00f1o de nuevos servicios relacionados, env\u00edo de actualizaciones de los servicios, env\u00edo de informaci\u00f3n t\u00e9cnica, operativa y comercial acerca de productos y servicios ofrecidos por BM TRADING y por terceros actualmente y en el futuro. La finalidad de la recopilaci\u00f3n y tratamiento automatizado de los datos personales del USUARIO incluye la posibilidad del env\u00edo de formularios de encuestas, que podr\u00e1n ser voluntariamente respondidas.<\/p>\n\n\n\n<h3 class=\"wp-block-heading\">Archivos de Registro<\/h3>\n\n\n\n<p>Los SITIOS WEBS, las APLICACIONES y los SERVICIOS pueden utilizar archivos de registro para tener un conocimiento acabado de c\u00f3mo el mismo es utilizado y as\u00ed poder optimizar su funcionamiento, como as\u00ed tambi\u00e9n cookies. Una cookie es un archivo peque\u00f1o de datos que reside y se instala autom\u00e1ticamente en la computadora y\/o dispositivo del USUARIO y permite reconocerlo como tal cuando regresa al SITIO WEB desde la misma computadora y\/o dispositivo y mismo navegador. En el caso de que su navegador no permita la instalaci\u00f3n de cookies, su utilizaci\u00f3n podr\u00e1 ser limitada o restringida. As\u00ed como la Informaci\u00f3n Personal que el USUARIO ingrese al registrarse, los datos obtenidos a trav\u00e9s de las cookies y los archivos de registro ser\u00e1n utilizados para personalizar la experiencia del USUARIO en los SITIOS WEBS y los servicios provistos. Podr\u00e1n almacenarse entre otros datos, URL de origen y destino posterior, direcciones IP, informaci\u00f3n de configuraci\u00f3n de sus equipamientos y software utilizado. Esta informaci\u00f3n ser\u00e1 utilizada para analizar y mejorar el servicio de BM TRADING. El v\u00ednculo entre su direcci\u00f3n IP y su informaci\u00f3n personal identificable nunca se compartir\u00e1 con terceros -a menos que usted lo autorice- salvo que sea exigido por requerimiento legal o de autoridad competente, o sea ello requerido a los fines de hacer valer o defender los derechos de BM TRADING, terceros vinculados y\/o aquellos a quienes se cedan derechos de conformidad a los t\u00e9rminos y condiciones de los SITIOS WEBS, las APLICACIONES y los SERVICIOS.<\/p>\n\n\n\n<h3 class=\"wp-block-heading\">Uso de la Informaci\u00f3n Personal<\/h3>\n\n\n\n<p><strong>Contacto con los Usuarios.<\/strong><br>BM TRADING podr\u00e1 comunicarse con el USUARIO mediante correo electr\u00f3nico, publicaciones en los SITIOS WEBS, las APLICACIONES y los SERVICIOS o a trav\u00e9s de cualquier otro medio t\u00e9cnico disponible, en raz\u00f3n de los datos de contacto declarados por el USUARIO y eventualmente y a su criterio, el domicilio especial electr\u00f3nico que haya constituido. El USUARIO brinda expresa conformidad para su utilizaci\u00f3n a los efectos de remisi\u00f3n de datos de inter\u00e9s, comunicaciones y promociones, pudiendo solicitar la baja de tales comunicaciones en cualquier momento. Tal baja no implicar\u00e1 el cese de env\u00edo de informaci\u00f3n vinculada a la relaci\u00f3n contractual entre BM TRADING y el USUARIO.<\/p>\n\n\n\n<p><strong>Informaci\u00f3n con Terceros.<\/strong><br>BM TRADING no vende, ni alquila ni ofrece de ning\u00fan otro modo, informaci\u00f3n personalmente identificable a terceros. Sin perjuicio de ello, el USUARIO acepta que BM TRADING podr\u00e1 compartir su informaci\u00f3n personalmente identificable con terceros para corroborar que los mismos son verdaderos, exactos y actuales y\/o cumplir sus instrucciones, tales como, a modo ejemplificativo, realizar transacciones mediante el empleo de medios de pago que se implementen en los SITIOS WEBS, las APLICACIONES y los SERVICIOS. BM TRADING puede asimismo ofrecer datos an\u00f3nimos y conjuntos acerca del uso de sus servicios a terceros con los fines que se estimen apropiados, a su solo criterio, incluidos potenciales anunciantes de BM TRADING. En consonancia con lo anterior, BM TRADING podr\u00e1 ceder el uso de sus datos personales y la informaci\u00f3n que usted suministre a terceras empresas que provean servicios de administraci\u00f3n de datos a fin de que usted pueda operar con nosotros. Fuera de lo precedentemente expuesto, solamente se revelar\u00e1 la informaci\u00f3n personal del USUARIO, en caso de ser requerida judicialmente o por la autoridad de aplicaci\u00f3n, o en virtud de tener que ejercer o defender derechos de BM TRADING ante la autoridad competente que corresponda.<\/p>\n\n\n\n<p><strong>Transmisi\u00f3n de Informaci\u00f3n a Compradores.<\/strong><br>En el caso de que BM TRADING decidiera vender el total o parte de sus activos, podr\u00e1 divulgar y transferir a los compradores la Informaci\u00f3n Personal y la restante que hubiese sido aportada a los SITIOS WEBS, las APLICACIONES y los SERVICIOS, lo cual es expresamente consentido por el USUARIO desde el momento de la aceptaci\u00f3n de esta Pol\u00edtica de Privacidad y de los T\u00e9rminos y Condiciones. Sin perjuicio de ello, la persona f\u00edsica o jur\u00eddica adquiriente deber\u00e1 mantener los mismos est\u00e1ndares de seguridad y privacidad implementados por BM TRADING de acuerdo a la presente Pol\u00edtica de Privacidad. Vendida o transferida la totalidad de los activos de BM TRADING en cumplimiento de los recaudos precedentes, ninguna relaci\u00f3n perdurar\u00e1 entre el USUARIO y BM TRADING, sus socios, directores, administradores, representantes y dependientes.<\/p>\n\n\n\n<h3 class=\"wp-block-heading\">Acceso y Modificaci\u00f3n de Informaci\u00f3n Personal<\/h3>\n\n\n\n<p>La Informaci\u00f3n Personal como la restante aportada por el USUARIO a fin de utilizar los SITIOS WEBS, las APLICACIONES y los SERVICIOS, podr\u00e1 en todo momento ser revisada y modificada y\/o actualizada si as\u00ed fuera necesario. El USUARIO reconoce y acepta que tales cambios podr\u00e1n conllevar un plazo razonable para su actualizaci\u00f3n, a fin de ser reflejados en los sistemas y bases de datos donde se ubicaran. Toda la informaci\u00f3n se conservar\u00e1 bajo los mismos par\u00e1metros de esta Pol\u00edtica de Privacidad.<\/p>\n\n\n\n<h3 class=\"wp-block-heading\">Seguridad<\/h3>\n\n\n\n<p>BM TRADING se compromete a tratar su Informaci\u00f3n Personal con la m\u00e1xima privacidad, confidencialidad y seguridad, y a proteger sus datos personales mediante todos los medios t\u00e9cnicos a su alcance para evitar la p\u00e9rdida, mal uso, acceso no autorizado, alteraci\u00f3n, apropiaci\u00f3n y destrucci\u00f3n de los mismos. BM TRADING ha adoptado alt\u00edsimos niveles de seguridad de protecci\u00f3n de los datos personales legalmente requeridos, y procura instalar otros medios y medidas t\u00e9cnicas adicionales a su alcance para evitar la p\u00e9rdida, mal uso, alteraci\u00f3n, acceso no autorizado y robo de los datos personales suministrados a BM TRADING. Sin perjuicio de ello, el USUARIO acepta y reconoce que la responsabilidad de BM TRADING resulta de medios y ser\u00e1 satisfecha mediante la aplicaci\u00f3n de las mejores t\u00e9cnicas que previsiblemente pudieran adoptarse, no siendo en ning\u00fan caso responsable por da\u00f1os, robos, p\u00e9rdidas o modificaciones que terceros ilegalmente realicen o sustraigan de los sistemas y bases de datos existentes, relevando a BM TRADING de toda responsabilidad y reclamo patrimonial y\/o extrapatrimonial que pudiera pretenderse.<\/p>\n\n\n\n<h3 class=\"wp-block-heading\">Modificaci\u00f3n de la Pol\u00edtica de Privacidad<\/h3>\n\n\n\n<p>BM TRADING se reserva el derecho a modificar la presente Pol\u00edtica de Privacidad en cualquier momento para adaptarla, entre otros motivos, a nuevos requerimientos legales o a novedades tecnol\u00f3gicas. En dichos supuestos, BM TRADING publicar\u00e1 en sus SITIOS WEBS, las APLICACIONES y los SERVICIOS y\/o a su solo criterio comunicar\u00e1 por los medios disponibles y declarados por el USUARIO, los cambios introducidos con razonable antelaci\u00f3n a su puesta en pr\u00e1ctica. El hecho de continuar utilizando los SITIOS WEBS, las APLICACIONES y los SERVICIOS, despu\u00e9s de haberse consignado cualquier modificaci\u00f3n de esta Pol\u00edtica de Privacidad, significar\u00e1 que el USUARIO ha aceptado de conformidad tales cambios.<\/p>\n\n\n\n<p><\/p>\n","protected":false},"excerpt":{"rendered":"<p>Pol\u00edtica de Privacidad de Datos El presente contrato estipula la pol\u00edtica de privacidad (en adelante, la \u00abPOL\u00cdTICA DE PRIVACIDAD\u00bb) aplicable a los datos vinculados a la utilizaci\u00f3n de los SITIOS WEBS identificados con las URLs \u201cbrunomeza.com\u201d (en adelante, los \u201cSITIOS WEBS\u201d), las estrategias, herramientas e indicadores descritos en el presente (en adelante, las \u201cAPLICACIONES\u201d), y [&hellip;]<\/p>\n","protected":false},"author":1,"featured_media":0,"parent":0,"menu_order":0,"comment_status":"closed","ping_status":"open","template":"","meta":{"footnotes":""},"class_list":["post-3","page","type-page","status-publish","hentry"],"yoast_head":"<!-- This site is optimized with the Yoast SEO plugin v27.4 - https:\/\/yoast.com\/product\/yoast-seo-wordpress\/ -->\n<title>Pol\u00edticas de privacidad - BRUNO MEZA<\/title>\n<meta name=\"robots\" content=\"index, follow, max-snippet:-1, max-image-preview:large, max-video-preview:-1\" \/>\n<link rel=\"canonical\" href=\"https:\/\/brunomeza.com\/index.php\/privacy-policy\/\" \/>\n<meta property=\"og:locale\" content=\"es_ES\" \/>\n<meta property=\"og:type\" content=\"article\" \/>\n<meta property=\"og:title\" content=\"Pol\u00edticas de privacidad - BRUNO MEZA\" \/>\n<meta property=\"og:description\" content=\"Pol\u00edtica de Privacidad de Datos El presente contrato estipula la pol\u00edtica de privacidad (en adelante, la \u00abPOL\u00cdTICA DE PRIVACIDAD\u00bb) aplicable a los datos vinculados a la utilizaci\u00f3n de los SITIOS WEBS identificados con las URLs \u201cbrunomeza.com\u201d (en adelante, los \u201cSITIOS WEBS\u201d), las estrategias, herramientas e indicadores descritos en el presente (en adelante, las \u201cAPLICACIONES\u201d), y [&hellip;]\" \/>\n<meta property=\"og:url\" content=\"https:\/\/brunomeza.com\/index.php\/privacy-policy\/\" \/>\n<meta property=\"og:site_name\" content=\"BRUNO MEZA\" \/>\n<meta property=\"article:modified_time\" content=\"2024-08-21T05:06:34+00:00\" \/>\n<meta name=\"twitter:card\" content=\"summary_large_image\" \/>\n<meta name=\"twitter:label1\" content=\"Tiempo de lectura\" \/>\n\t<meta name=\"twitter:data1\" content=\"9 minutos\" \/>\n<script type=\"application\/ld+json\" class=\"yoast-schema-graph\">{\"@context\":\"https:\\\/\\\/schema.org\",\"@graph\":[{\"@type\":\"WebPage\",\"@id\":\"https:\\\/\\\/brunomeza.com\\\/index.php\\\/privacy-policy\\\/\",\"url\":\"https:\\\/\\\/brunomeza.com\\\/index.php\\\/privacy-policy\\\/\",\"name\":\"Pol\u00edticas de privacidad - BRUNO MEZA\",\"isPartOf\":{\"@id\":\"https:\\\/\\\/brunomeza.com\\\/#website\"},\"datePublished\":\"2020-11-30T03:04:59+00:00\",\"dateModified\":\"2024-08-21T05:06:34+00:00\",\"breadcrumb\":{\"@id\":\"https:\\\/\\\/brunomeza.com\\\/index.php\\\/privacy-policy\\\/#breadcrumb\"},\"inLanguage\":\"es\",\"potentialAction\":[{\"@type\":\"ReadAction\",\"target\":[\"https:\\\/\\\/brunomeza.com\\\/index.php\\\/privacy-policy\\\/\"]}]},{\"@type\":\"BreadcrumbList\",\"@id\":\"https:\\\/\\\/brunomeza.com\\\/index.php\\\/privacy-policy\\\/#breadcrumb\",\"itemListElement\":[{\"@type\":\"ListItem\",\"position\":1,\"name\":\"Portada\",\"item\":\"https:\\\/\\\/brunomeza.com\\\/\"},{\"@type\":\"ListItem\",\"position\":2,\"name\":\"Pol\u00edticas de privacidad\"}]},{\"@type\":\"WebSite\",\"@id\":\"https:\\\/\\\/brunomeza.com\\\/#website\",\"url\":\"https:\\\/\\\/brunomeza.com\\\/\",\"name\":\"BRUNO MEZA\",\"description\":\"Programaci\u00f3n e inversi\u00f3n\",\"publisher\":{\"@id\":\"https:\\\/\\\/brunomeza.com\\\/#organization\"},\"potentialAction\":[{\"@type\":\"SearchAction\",\"target\":{\"@type\":\"EntryPoint\",\"urlTemplate\":\"https:\\\/\\\/brunomeza.com\\\/?s={search_term_string}\"},\"query-input\":{\"@type\":\"PropertyValueSpecification\",\"valueRequired\":true,\"valueName\":\"search_term_string\"}}],\"inLanguage\":\"es\"},{\"@type\":\"Organization\",\"@id\":\"https:\\\/\\\/brunomeza.com\\\/#organization\",\"name\":\"Bruno Meza\",\"url\":\"https:\\\/\\\/brunomeza.com\\\/\",\"logo\":{\"@type\":\"ImageObject\",\"inLanguage\":\"es\",\"@id\":\"https:\\\/\\\/brunomeza.com\\\/#\\\/schema\\\/logo\\\/image\\\/\",\"url\":\"https:\\\/\\\/brunomeza.com\\\/wp-content\\\/uploads\\\/2021\\\/02\\\/logoBruno.png\",\"contentUrl\":\"https:\\\/\\\/brunomeza.com\\\/wp-content\\\/uploads\\\/2021\\\/02\\\/logoBruno.png\",\"width\":800,\"height\":800,\"caption\":\"Bruno Meza\"},\"image\":{\"@id\":\"https:\\\/\\\/brunomeza.com\\\/#\\\/schema\\\/logo\\\/image\\\/\"}}]}<\/script>\n<!-- \/ Yoast SEO plugin. -->","yoast_head_json":{"title":"Pol\u00edticas de privacidad - BRUNO MEZA","robots":{"index":"index","follow":"follow","max-snippet":"max-snippet:-1","max-image-preview":"max-image-preview:large","max-video-preview":"max-video-preview:-1"},"canonical":"https:\/\/brunomeza.com\/index.php\/privacy-policy\/","og_locale":"es_ES","og_type":"article","og_title":"Pol\u00edticas de privacidad - BRUNO MEZA","og_description":"Pol\u00edtica de Privacidad de Datos El presente contrato estipula la pol\u00edtica de privacidad (en adelante, la \u00abPOL\u00cdTICA DE PRIVACIDAD\u00bb) aplicable a los datos vinculados a la utilizaci\u00f3n de los SITIOS WEBS identificados con las URLs \u201cbrunomeza.com\u201d (en adelante, los \u201cSITIOS WEBS\u201d), las estrategias, herramientas e indicadores descritos en el presente (en adelante, las \u201cAPLICACIONES\u201d), y [&hellip;]","og_url":"https:\/\/brunomeza.com\/index.php\/privacy-policy\/","og_site_name":"BRUNO MEZA","article_modified_time":"2024-08-21T05:06:34+00:00","twitter_card":"summary_large_image","twitter_misc":{"Tiempo de lectura":"9 minutos"},"schema":{"@context":"https:\/\/schema.org","@graph":[{"@type":"WebPage","@id":"https:\/\/brunomeza.com\/index.php\/privacy-policy\/","url":"https:\/\/brunomeza.com\/index.php\/privacy-policy\/","name":"Pol\u00edticas de privacidad - BRUNO MEZA","isPartOf":{"@id":"https:\/\/brunomeza.com\/#website"},"datePublished":"2020-11-30T03:04:59+00:00","dateModified":"2024-08-21T05:06:34+00:00","breadcrumb":{"@id":"https:\/\/brunomeza.com\/index.php\/privacy-policy\/#breadcrumb"},"inLanguage":"es","potentialAction":[{"@type":"ReadAction","target":["https:\/\/brunomeza.com\/index.php\/privacy-policy\/"]}]},{"@type":"BreadcrumbList","@id":"https:\/\/brunomeza.com\/index.php\/privacy-policy\/#breadcrumb","itemListElement":[{"@type":"ListItem","position":1,"name":"Portada","item":"https:\/\/brunomeza.com\/"},{"@type":"ListItem","position":2,"name":"Pol\u00edticas de privacidad"}]},{"@type":"WebSite","@id":"https:\/\/brunomeza.com\/#website","url":"https:\/\/brunomeza.com\/","name":"BRUNO MEZA","description":"Programaci\u00f3n e inversi\u00f3n","publisher":{"@id":"https:\/\/brunomeza.com\/#organization"},"potentialAction":[{"@type":"SearchAction","target":{"@type":"EntryPoint","urlTemplate":"https:\/\/brunomeza.com\/?s={search_term_string}"},"query-input":{"@type":"PropertyValueSpecification","valueRequired":true,"valueName":"search_term_string"}}],"inLanguage":"es"},{"@type":"Organization","@id":"https:\/\/brunomeza.com\/#organization","name":"Bruno Meza","url":"https:\/\/brunomeza.com\/","logo":{"@type":"ImageObject","inLanguage":"es","@id":"https:\/\/brunomeza.com\/#\/schema\/logo\/image\/","url":"https:\/\/brunomeza.com\/wp-content\/uploads\/2021\/02\/logoBruno.png","contentUrl":"https:\/\/brunomeza.com\/wp-content\/uploads\/2021\/02\/logoBruno.png","width":800,"height":800,"caption":"Bruno Meza"},"image":{"@id":"https:\/\/brunomeza.com\/#\/schema\/logo\/image\/"}}]}},"_links":{"self":[{"href":"https:\/\/brunomeza.com\/index.php\/wp-json\/wp\/v2\/pages\/3","targetHints":{"allow":["GET"]}}],"collection":[{"href":"https:\/\/brunomeza.com\/index.php\/wp-json\/wp\/v2\/pages"}],"about":[{"href":"https:\/\/brunomeza.com\/index.php\/wp-json\/wp\/v2\/types\/page"}],"author":[{"embeddable":true,"href":"https:\/\/brunomeza.com\/index.php\/wp-json\/wp\/v2\/users\/1"}],"replies":[{"embeddable":true,"href":"https:\/\/brunomeza.com\/index.php\/wp-json\/wp\/v2\/comments?post=3"}],"version-history":[{"count":5,"href":"https:\/\/brunomeza.com\/index.php\/wp-json\/wp\/v2\/pages\/3\/revisions"}],"predecessor-version":[{"id":6241,"href":"https:\/\/brunomeza.com\/index.php\/wp-json\/wp\/v2\/pages\/3\/revisions\/6241"}],"wp:attachment":[{"href":"https:\/\/brunomeza.com\/index.php\/wp-json\/wp\/v2\/media?parent=3"}],"curies":[{"name":"wp","href":"https:\/\/api.w.org\/{rel}","templated":true}]}}