{"id":11904,"date":"2024-06-29T21:08:46","date_gmt":"2024-06-29T21:08:46","guid":{"rendered":"https:\/\/brunomeza.com\/?post_type=product&#038;p=11904"},"modified":"2026-02-27T05:46:49","modified_gmt":"2026-02-27T05:46:49","slug":"backtester-manual-pro","status":"publish","type":"product","link":"https:\/\/brunomeza.com\/index.php\/producto\/backtester-manual-pro\/","title":{"rendered":"Backtester Manual Pro [Mejora tus probabilidades]"},"content":{"rendered":"<h1 style=\"text-align: center;\"><strong>Backtester Manual Pro para NinjaTrader 8<\/strong><\/h1>\n<div style=\"position: relative; padding-bottom: 56.25%; height: 0; overflow: hidden; max-width: 100%; margin: 0 auto;\"><iframe style=\"position: absolute; top: 0; left: 0; width: 100%; height: 100%;\" title=\"YouTube video player\" src=\"https:\/\/www.youtube.com\/embed\/NuoMrp3ivks?si=voBbmnHJQBSQ3a3c\" frameborder=\"0\" allowfullscreen=\"allowfullscreen\"><span data-mce-type=\"bookmark\" style=\"display: inline-block; width: 0px; overflow: hidden; line-height: 0;\" class=\"mce_SELRES_start\">\ufeff<\/span> <\/iframe><\/div>\n<p>\u00bfTe imaginas hacer backtesting directamente en el gr\u00e1fico, sin abrir un solo Excel, y poder cambiar las reglas de tu estrategia para ver c\u00f3mo afectan tus resultados al instante, sin tener que empezar de cero? Operar sin conocer tus n\u00fameros es operar a ciegas, y el backtesting tradicional suele ser una tortura que consume horas y provoca errores.<\/p>\n<p>Con el <strong>Backtester Manual Pro para NinjaTrader 8 de BRUNO MEZA<\/strong> es posible transformar esa tortura en una ventaja competitiva. Esta herramienta te permite operar con tranquilidad, basando tus decisiones en evidencia y n\u00fameros claros, eliminando la ansiedad de la ejecuci\u00f3n. El <strong>Backtester Manual Pro de BRUNO MEZA <\/strong>te ofrece <strong>funcionalidades exclusivas<\/strong> que cambiar\u00e1n tu forma de analizar el mercado:<\/p>\n<ol>\n<li><strong>Backtesting Visual e Instant\u00e1neo:<\/strong> Olvida las hojas de c\u00e1lculo. Solo necesitas dibujar tus trades directamente en el gr\u00e1fico de NinjaTrader 8 con la herramienta de riesgo\/recompensa y el sistema te entregar\u00e1 las estad\u00edsticas profesionales autom\u00e1ticamente y al momento.<\/li>\n<li><strong>Optimizaci\u00f3n Retroactiva (Poderosa):<\/strong> Esta es la funci\u00f3n m\u00e1s potente. Te permite ajustar variables clave (ratio, stop loss, gesti\u00f3n de riesgo, trailing stop) <em>luego<\/em> de haber realizado el backtesting. Al aplicar cambios, los trades obtienen nuevos resultados de inmediato sobre las mismas operaciones graficadas, permiti\u00e9ndote comparar escenarios reales sin re-dibujar nada.<\/li>\n<li><strong>Gesti\u00f3n de Riesgo Avanzada e Inteligente:<\/strong> Configura la gesti\u00f3n de contratos que mejor se adapte a tu operativa: contratos fijos, manuales por herramienta, o basados en un riesgo en d\u00f3lares espec\u00edfico. Esta \u00faltima opci\u00f3n calcula autom\u00e1ticamente los contratos seg\u00fan la distancia del stop loss, incluyendo l\u00edmites m\u00e1ximos de seguridad y reglas de redondeo personalizables.<\/li>\n<li><strong>Simulaci\u00f3n de Operativa Real:<\/strong> Define par\u00e1metros realistas como una hora l\u00edmite operativa m\u00e1xima (en horario de NY) para cerrar posiciones autom\u00e1ticamente, y configura un seguimiento del stop loss (trailing stop) sofisticado y configurable por pasos basando en porcentajes de recorrido.<\/li>\n<li><strong>Integraci\u00f3n con el Diario de Trading:<\/strong> Exporta tus sesiones de backtesting directamente al Diario de Trading de Bruno Meza con un solo clic. Obt\u00e9n un registro ordenado, detallado, din\u00e1mico y visual de todas tus operaciones para un estudio mucho m\u00e1s profesional y profundo.<\/li>\n<\/ol>\n<h2><strong>1\ufe0f\u20e3 \u00bfC\u00f3mo funciona el Backtester Manual Pro directamente en el gr\u00e1fico?<\/strong><\/h2>\n<p>El <strong>Backtester Manual Pro<\/strong> est\u00e1 dise\u00f1ado para integrarse perfectamente en tu flujo de trabajo dentro de NinjaTrader 8. Se utiliza como un indicador que agregas a tu gr\u00e1fico en la temporalidad deseada.<\/p>\n<p><strong>Proceso simple y visual:<\/strong> Una vez cargado, creas una sesi\u00f3n de trabajo (asociada a ese tipo de gr\u00e1fico). Recorres el historial d\u00eda tras d\u00eda dibujando tus trades seg\u00fan tu plan de trading utilizando la herramienta de riesgo\/recompensa. Para cada trade, seleccionas la barra de entrada, el precio exacto, el punto del stop loss, y le asignas el tipo de trade correspondiente para que obtenga sus caracter\u00edsticas l\u00f3gicas.<\/p>\n<p><strong>Estad\u00edsticas al instante:<\/strong> Conforme graficas tus operaciones, el panel de \u201cEstad\u00edsticas backtest\u201d se actualiza inmediatamente. Podr\u00e1s visualizar m\u00e9tricas cruciales como tu porcentaje de aciertos, factor de ganancia, ganancia y p\u00e9rdida promedio, drawdown m\u00e1ximo, rachas de p\u00e9rdidas y ganancias, y cantidad de operaciones. Adem\u00e1s, cuentas con filtros avanzados por tipo de trade y horas operativas para pulir tu an\u00e1lisis.<\/p>\n<blockquote><p><strong>\u00a1No pierdas m\u00e1s tiempo!<\/strong> Deja de ejecutar estrategias a ciegas y empieza a entender exactamente qu\u00e9 est\u00e1s haciendo. Con el <strong>Backtester Manual Pro de BRUNO MEZA<\/strong>, eliminar\u00e1s la fricci\u00f3n del backtesting tradicional, permiti\u00e9ndote validar, optimizar y profesionalizar tu trading de forma r\u00e1pida y precisa, directamente en tus gr\u00e1ficos.<\/p><\/blockquote>\n<h2 data-pm-slice=\"1 1 []\">2\ufe0f\u20e3 <strong>Ventajas exclusivas que hacen \u00daNICO al Backtester Manual Pro de BRUNO MEZA<\/strong><\/h2>\n<p>Las <strong>ventajas \u00fanicas<\/strong> que solo el <strong>Backtester Manual Pro para NinjaTrader 8 de BRUNO MEZA<\/strong> ofrece, diferenci\u00e1ndolo de cualquier otra opci\u00f3n de an\u00e1lisis manual en el mercado son:<\/p>\n<ol>\n<li><strong>Testeo de Escenarios sin Reiniciar (\u00danico):<\/strong> A diferencia de otros m\u00e9todos, aqu\u00ed no pruebas ideas al azar. Eval\u00faas resultados sobre el mismo conjunto de operaciones. Puedes ampliar tu hora m\u00e1xima operativa, ajustar el stop loss estructurado a uno fijo, o decidir si aplicar o no un trailing stop, y ver el efecto puro de ese cambio en tus estad\u00edsticas al instante. Esto te permite tomar decisiones basadas en evidencia en lugar de intuici\u00f3n.<\/li>\n<li><strong>Configuraci\u00f3n Individual por Tipo de Trade:<\/strong> Entendemos que no todas las entradas se gestionan igual. Puedes definir y configurar m\u00faltiples tipos de trades (ej: \u00abTradeRompimiento\u00bb, \u00abTradeGiro\u00bb) con propiedades l\u00f3gicas (ratio target, trailing stop, gesti\u00f3n de riesgo) totalmente independientes para cada uno dentro de la misma sesi\u00f3n.<\/li>\n<li><strong>Gesti\u00f3n de Contratos basados en Riesgo ($):<\/strong> Ideal para una gesti\u00f3n de riesgo profesional. Defines cu\u00e1nto dinero est\u00e1s dispuesto a perder por operaci\u00f3n ($ Valor de riesgo). La herramienta ajusta autom\u00e1ticamente la cantidad de contratos en cada trade para mantener ese riesgo constante en d\u00f3lares, sin importar qu\u00e9 tan lejos o cerca est\u00e9 tu stop loss estructurado.<\/li>\n<li><strong>Trailing Stop Sophisticado evaluado a Vela Cerrada:<\/strong> Configura un seguimiento del stop loss realista mediante \u00abniveles\u00bb o pasos activados por porcentaje de recorrido del precio. Crucialmente, la herramienta no eval\u00faa estos pasos en medio de la vela, sino a vela cerrada, garantizando que el stop loss se mueva solo cuando la barra termina, simulando condiciones de mercado reales.<\/li>\n<li><strong>Exportaci\u00f3n Directa y Profesional al Diario de Trading:<\/strong> Al terminar tu backtesting, env\u00edalo directamente a brunomeza.com mediante tus credenciales de cliente. All\u00ed podr\u00e1s observar todo tu backtesting de una forma din\u00e1mica y visual en una cuenta dedicada, agregar notas, filtrar con mayor precisi\u00f3n y seguir estudiando tu desempe\u00f1o como un trader profesional.<\/li>\n<\/ol>\n","protected":false},"excerpt":{"rendered":"<p>Realiza backtesting visual en NinjaTrader 8. Dibuja tus operaciones, ajusta par\u00e1metros retroactivamente y obt\u00e9n estad\u00edsticas profesionales al instante.<\/p>\n","protected":false},"featured_media":12734,"template":"","meta":[],"product_brand":[],"product_cat":[118],"product_tag":[],"class_list":{"0":"post-11904","1":"product","2":"type-product","3":"status-publish","4":"has-post-thumbnail","6":"product_cat-otros-productos","8":"first","9":"instock","10":"sale","11":"shipping-taxable","12":"purchasable","13":"product-type-simple"},"yoast_head":"<!-- This site is optimized with the Yoast SEO plugin v27.4 - https:\/\/yoast.com\/product\/yoast-seo-wordpress\/ -->\n<title>Backtester Manual Pro [Mejora tus probabilidades] - BRUNO MEZA<\/title>\n<meta name=\"description\" content=\"Realiza backtesting visual en NinjaTrader 8. Dibuja tus operaciones, ajusta par\u00e1metros retroactivamente y obt\u00e9n estad\u00edsticas profesionales al instante.\" \/>\n<meta name=\"robots\" content=\"index, follow, max-snippet:-1, max-image-preview:large, max-video-preview:-1\" \/>\n<link rel=\"canonical\" href=\"https:\/\/brunomeza.com\/index.php\/producto\/backtester-manual-pro\/\" \/>\n<meta property=\"og:locale\" content=\"es_ES\" \/>\n<meta property=\"og:type\" content=\"article\" \/>\n<meta property=\"og:title\" content=\"Backtester Manual Pro [Mejora tus probabilidades] - BRUNO MEZA\" \/>\n<meta property=\"og:description\" content=\"Realiza backtesting visual en NinjaTrader 8. Dibuja tus operaciones, ajusta par\u00e1metros retroactivamente y obt\u00e9n estad\u00edsticas profesionales al instante.\" \/>\n<meta property=\"og:url\" content=\"https:\/\/brunomeza.com\/index.php\/producto\/backtester-manual-pro\/\" \/>\n<meta property=\"og:site_name\" content=\"BRUNO MEZA\" \/>\n<meta property=\"article:modified_time\" content=\"2026-02-27T05:46:49+00:00\" \/>\n<meta property=\"og:image\" content=\"https:\/\/brunomeza.com\/wp-content\/uploads\/2026\/01\/Backtester-manual-pro.png\" \/>\n\t<meta property=\"og:image:width\" content=\"1080\" \/>\n\t<meta property=\"og:image:height\" content=\"1080\" \/>\n\t<meta property=\"og:image:type\" content=\"image\/png\" \/>\n<meta name=\"twitter:card\" content=\"summary_large_image\" \/>\n<meta name=\"twitter:label1\" content=\"Tiempo de lectura\" \/>\n\t<meta name=\"twitter:data1\" content=\"5 minutos\" \/>\n<script type=\"application\/ld+json\" class=\"yoast-schema-graph\">{\"@context\":\"https:\\\/\\\/schema.org\",\"@graph\":[{\"@type\":\"WebPage\",\"@id\":\"https:\\\/\\\/brunomeza.com\\\/index.php\\\/producto\\\/backtester-manual-pro\\\/\",\"url\":\"https:\\\/\\\/brunomeza.com\\\/index.php\\\/producto\\\/backtester-manual-pro\\\/\",\"name\":\"Backtester Manual Pro [Mejora tus probabilidades] - BRUNO MEZA\",\"isPartOf\":{\"@id\":\"https:\\\/\\\/brunomeza.com\\\/#website\"},\"primaryImageOfPage\":{\"@id\":\"https:\\\/\\\/brunomeza.com\\\/index.php\\\/producto\\\/backtester-manual-pro\\\/#primaryimage\"},\"image\":{\"@id\":\"https:\\\/\\\/brunomeza.com\\\/index.php\\\/producto\\\/backtester-manual-pro\\\/#primaryimage\"},\"thumbnailUrl\":\"https:\\\/\\\/brunomeza.com\\\/wp-content\\\/uploads\\\/2026\\\/01\\\/Backtester-manual-pro.png\",\"datePublished\":\"2024-06-29T21:08:46+00:00\",\"dateModified\":\"2026-02-27T05:46:49+00:00\",\"description\":\"Realiza backtesting visual en NinjaTrader 8. Dibuja tus operaciones, ajusta par\u00e1metros retroactivamente y obt\u00e9n estad\u00edsticas profesionales al instante.\",\"breadcrumb\":{\"@id\":\"https:\\\/\\\/brunomeza.com\\\/index.php\\\/producto\\\/backtester-manual-pro\\\/#breadcrumb\"},\"inLanguage\":\"es\",\"potentialAction\":[{\"@type\":\"ReadAction\",\"target\":[\"https:\\\/\\\/brunomeza.com\\\/index.php\\\/producto\\\/backtester-manual-pro\\\/\"]}]},{\"@type\":\"ImageObject\",\"inLanguage\":\"es\",\"@id\":\"https:\\\/\\\/brunomeza.com\\\/index.php\\\/producto\\\/backtester-manual-pro\\\/#primaryimage\",\"url\":\"https:\\\/\\\/brunomeza.com\\\/wp-content\\\/uploads\\\/2026\\\/01\\\/Backtester-manual-pro.png\",\"contentUrl\":\"https:\\\/\\\/brunomeza.com\\\/wp-content\\\/uploads\\\/2026\\\/01\\\/Backtester-manual-pro.png\",\"width\":1080,\"height\":1080,\"caption\":\"Backtester manual pro\"},{\"@type\":\"BreadcrumbList\",\"@id\":\"https:\\\/\\\/brunomeza.com\\\/index.php\\\/producto\\\/backtester-manual-pro\\\/#breadcrumb\",\"itemListElement\":[{\"@type\":\"ListItem\",\"position\":1,\"name\":\"Portada\",\"item\":\"https:\\\/\\\/brunomeza.com\\\/\"},{\"@type\":\"ListItem\",\"position\":2,\"name\":\"Productos\",\"item\":\"https:\\\/\\\/brunomeza.com\\\/index.php\\\/tienda\\\/\"},{\"@type\":\"ListItem\",\"position\":3,\"name\":\"Backtester Manual Pro [Mejora tus probabilidades]\"}]},{\"@type\":\"WebSite\",\"@id\":\"https:\\\/\\\/brunomeza.com\\\/#website\",\"url\":\"https:\\\/\\\/brunomeza.com\\\/\",\"name\":\"BRUNO MEZA\",\"description\":\"Programaci\u00f3n e inversi\u00f3n\",\"publisher\":{\"@id\":\"https:\\\/\\\/brunomeza.com\\\/#organization\"},\"potentialAction\":[{\"@type\":\"SearchAction\",\"target\":{\"@type\":\"EntryPoint\",\"urlTemplate\":\"https:\\\/\\\/brunomeza.com\\\/?s={search_term_string}\"},\"query-input\":{\"@type\":\"PropertyValueSpecification\",\"valueRequired\":true,\"valueName\":\"search_term_string\"}}],\"inLanguage\":\"es\"},{\"@type\":\"Organization\",\"@id\":\"https:\\\/\\\/brunomeza.com\\\/#organization\",\"name\":\"Bruno Meza\",\"url\":\"https:\\\/\\\/brunomeza.com\\\/\",\"logo\":{\"@type\":\"ImageObject\",\"inLanguage\":\"es\",\"@id\":\"https:\\\/\\\/brunomeza.com\\\/#\\\/schema\\\/logo\\\/image\\\/\",\"url\":\"https:\\\/\\\/brunomeza.com\\\/wp-content\\\/uploads\\\/2021\\\/02\\\/logoBruno.png\",\"contentUrl\":\"https:\\\/\\\/brunomeza.com\\\/wp-content\\\/uploads\\\/2021\\\/02\\\/logoBruno.png\",\"width\":800,\"height\":800,\"caption\":\"Bruno Meza\"},\"image\":{\"@id\":\"https:\\\/\\\/brunomeza.com\\\/#\\\/schema\\\/logo\\\/image\\\/\"}}]}<\/script>\n<!-- \/ Yoast SEO plugin. -->","yoast_head_json":{"title":"Backtester Manual Pro [Mejora tus probabilidades] - BRUNO MEZA","description":"Realiza backtesting visual en NinjaTrader 8. Dibuja tus operaciones, ajusta par\u00e1metros retroactivamente y obt\u00e9n estad\u00edsticas profesionales al instante.","robots":{"index":"index","follow":"follow","max-snippet":"max-snippet:-1","max-image-preview":"max-image-preview:large","max-video-preview":"max-video-preview:-1"},"canonical":"https:\/\/brunomeza.com\/index.php\/producto\/backtester-manual-pro\/","og_locale":"es_ES","og_type":"article","og_title":"Backtester Manual Pro [Mejora tus probabilidades] - BRUNO MEZA","og_description":"Realiza backtesting visual en NinjaTrader 8. Dibuja tus operaciones, ajusta par\u00e1metros retroactivamente y obt\u00e9n estad\u00edsticas profesionales al instante.","og_url":"https:\/\/brunomeza.com\/index.php\/producto\/backtester-manual-pro\/","og_site_name":"BRUNO MEZA","article_modified_time":"2026-02-27T05:46:49+00:00","og_image":[{"width":1080,"height":1080,"url":"https:\/\/brunomeza.com\/wp-content\/uploads\/2026\/01\/Backtester-manual-pro.png","type":"image\/png"}],"twitter_card":"summary_large_image","twitter_misc":{"Tiempo de lectura":"5 minutos"},"schema":{"@context":"https:\/\/schema.org","@graph":[{"@type":"WebPage","@id":"https:\/\/brunomeza.com\/index.php\/producto\/backtester-manual-pro\/","url":"https:\/\/brunomeza.com\/index.php\/producto\/backtester-manual-pro\/","name":"Backtester Manual Pro [Mejora tus probabilidades] - BRUNO MEZA","isPartOf":{"@id":"https:\/\/brunomeza.com\/#website"},"primaryImageOfPage":{"@id":"https:\/\/brunomeza.com\/index.php\/producto\/backtester-manual-pro\/#primaryimage"},"image":{"@id":"https:\/\/brunomeza.com\/index.php\/producto\/backtester-manual-pro\/#primaryimage"},"thumbnailUrl":"https:\/\/brunomeza.com\/wp-content\/uploads\/2026\/01\/Backtester-manual-pro.png","datePublished":"2024-06-29T21:08:46+00:00","dateModified":"2026-02-27T05:46:49+00:00","description":"Realiza backtesting visual en NinjaTrader 8. Dibuja tus operaciones, ajusta par\u00e1metros retroactivamente y obt\u00e9n estad\u00edsticas profesionales al instante.","breadcrumb":{"@id":"https:\/\/brunomeza.com\/index.php\/producto\/backtester-manual-pro\/#breadcrumb"},"inLanguage":"es","potentialAction":[{"@type":"ReadAction","target":["https:\/\/brunomeza.com\/index.php\/producto\/backtester-manual-pro\/"]}]},{"@type":"ImageObject","inLanguage":"es","@id":"https:\/\/brunomeza.com\/index.php\/producto\/backtester-manual-pro\/#primaryimage","url":"https:\/\/brunomeza.com\/wp-content\/uploads\/2026\/01\/Backtester-manual-pro.png","contentUrl":"https:\/\/brunomeza.com\/wp-content\/uploads\/2026\/01\/Backtester-manual-pro.png","width":1080,"height":1080,"caption":"Backtester manual pro"},{"@type":"BreadcrumbList","@id":"https:\/\/brunomeza.com\/index.php\/producto\/backtester-manual-pro\/#breadcrumb","itemListElement":[{"@type":"ListItem","position":1,"name":"Portada","item":"https:\/\/brunomeza.com\/"},{"@type":"ListItem","position":2,"name":"Productos","item":"https:\/\/brunomeza.com\/index.php\/tienda\/"},{"@type":"ListItem","position":3,"name":"Backtester Manual Pro [Mejora tus probabilidades]"}]},{"@type":"WebSite","@id":"https:\/\/brunomeza.com\/#website","url":"https:\/\/brunomeza.com\/","name":"BRUNO MEZA","description":"Programaci\u00f3n e inversi\u00f3n","publisher":{"@id":"https:\/\/brunomeza.com\/#organization"},"potentialAction":[{"@type":"SearchAction","target":{"@type":"EntryPoint","urlTemplate":"https:\/\/brunomeza.com\/?s={search_term_string}"},"query-input":{"@type":"PropertyValueSpecification","valueRequired":true,"valueName":"search_term_string"}}],"inLanguage":"es"},{"@type":"Organization","@id":"https:\/\/brunomeza.com\/#organization","name":"Bruno Meza","url":"https:\/\/brunomeza.com\/","logo":{"@type":"ImageObject","inLanguage":"es","@id":"https:\/\/brunomeza.com\/#\/schema\/logo\/image\/","url":"https:\/\/brunomeza.com\/wp-content\/uploads\/2021\/02\/logoBruno.png","contentUrl":"https:\/\/brunomeza.com\/wp-content\/uploads\/2021\/02\/logoBruno.png","width":800,"height":800,"caption":"Bruno Meza"},"image":{"@id":"https:\/\/brunomeza.com\/#\/schema\/logo\/image\/"}}]}},"_links":{"self":[{"href":"https:\/\/brunomeza.com\/index.php\/wp-json\/wp\/v2\/product\/11904","targetHints":{"allow":["GET"]}}],"collection":[{"href":"https:\/\/brunomeza.com\/index.php\/wp-json\/wp\/v2\/product"}],"about":[{"href":"https:\/\/brunomeza.com\/index.php\/wp-json\/wp\/v2\/types\/product"}],"wp:featuredmedia":[{"embeddable":true,"href":"https:\/\/brunomeza.com\/index.php\/wp-json\/wp\/v2\/media\/12734"}],"wp:attachment":[{"href":"https:\/\/brunomeza.com\/index.php\/wp-json\/wp\/v2\/media?parent=11904"}],"wp:term":[{"taxonomy":"product_brand","embeddable":true,"href":"https:\/\/brunomeza.com\/index.php\/wp-json\/wp\/v2\/product_brand?post=11904"},{"taxonomy":"product_cat","embeddable":true,"href":"https:\/\/brunomeza.com\/index.php\/wp-json\/wp\/v2\/product_cat?post=11904"},{"taxonomy":"product_tag","embeddable":true,"href":"https:\/\/brunomeza.com\/index.php\/wp-json\/wp\/v2\/product_tag?post=11904"}],"curies":[{"name":"wp","href":"https:\/\/api.w.org\/{rel}","templated":true}]}}