{"id":3548,"date":"1999-07-10T19:55:15","date_gmt":"1999-07-10T19:55:15","guid":{"rendered":"https:\/\/www.brunomeza.com\/?post_type=product&#038;p=3548"},"modified":"2025-07-26T18:02:28","modified_gmt":"2025-07-26T18:02:28","slug":"instalacion-personalizada","status":"publish","type":"product","link":"https:\/\/brunomeza.com\/index.php\/producto\/instalacion-personalizada\/","title":{"rendered":"Instalaci\u00f3n personalizada de producto"},"content":{"rendered":"<p>Para este producto, <strong>NO<\/strong> es posible aplicar cupones de descuento.<\/p>\n<p>Al elegir la opci\u00f3n de instalaci\u00f3n personalizada, se ofrece una sesi\u00f3n virtual exclusiva con <strong>Bruno Meza<\/strong>. Esta sesi\u00f3n tiene como objetivo principal instalar cualquier herramienta de forma r\u00e1pida y eficiente, ajust\u00e1ndose a los requerimientos espec\u00edficos del cliente. Adem\u00e1s, durante esta sesi\u00f3n, se brinda la oportunidad de resolver cualquier duda pendiente.<\/p>\n<p>La instalaci\u00f3n se llevar\u00e1 a cabo mediante Zoom, utilizando la funci\u00f3n de control remoto de la m\u00e1quina del cliente.<\/p>\n<h2><strong>La sesi\u00f3n de instalaci\u00f3n personalizada incluye<\/strong>:<\/h2>\n<ol>\n<li>Una sesi\u00f3n remota a trav\u00e9s de Zoom para instalar el producto necesario.<\/li>\n<li>La libertad para el cliente de realizar todas las preguntas que desee.<\/li>\n<li>Opci\u00f3n para el cliente de solicitar la grabaci\u00f3n de la sesi\u00f3n. Esta grabaci\u00f3n debe solicitarse antes del inicio de la sesi\u00f3n.<\/li>\n<\/ol>\n<p>Tras realizar la compra, el cliente tiene la posibilidad de solicitar la reserva de un horario para la sesi\u00f3n mediante el link de whatsapp disponible en el bot\u00f3n inferior de esta p\u00e1gina web, sujeto a la disponibilidad.<\/p>\n","protected":false},"excerpt":{"rendered":"<p><strong>Para este producto, NO es posible aplicar cupones de descuento.<\/strong><\/p>\n<p>&nbsp;<\/p>\n","protected":false},"featured_media":10021,"template":"","meta":[],"product_brand":[],"product_cat":[118],"product_tag":[],"class_list":{"0":"post-3548","1":"product","2":"type-product","3":"status-publish","4":"has-post-thumbnail","6":"product_cat-otros-productos","8":"first","9":"instock","10":"sale","11":"virtual","12":"purchasable","13":"product-type-simple"},"yoast_head":"<!-- This site is optimized with the Yoast SEO plugin v27.4 - https:\/\/yoast.com\/product\/yoast-seo-wordpress\/ -->\n<title>Instalaci\u00f3n personalizada de producto - BRUNO MEZA<\/title>\n<meta name=\"description\" content=\"\u00bfDeseas evitar ver y estudiar los videos de instalaci\u00f3n y dejarlo todo en manos de un experto? Entonces la instalaci\u00f3n personalizada es para ti.\" \/>\n<meta name=\"robots\" content=\"index, nofollow, max-snippet:-1, max-image-preview:large, max-video-preview:-1\" \/>\n<link rel=\"canonical\" href=\"https:\/\/brunomeza.com\/index.php\/producto\/instalacion-personalizada\/\" \/>\n<meta property=\"og:locale\" content=\"es_ES\" \/>\n<meta property=\"og:type\" content=\"article\" \/>\n<meta property=\"og:title\" content=\"Instalaci\u00f3n personalizada de producto - BRUNO MEZA\" \/>\n<meta property=\"og:description\" content=\"\u00bfDeseas evitar ver y estudiar los videos de instalaci\u00f3n y dejarlo todo en manos de un experto? Entonces la instalaci\u00f3n personalizada es para ti.\" \/>\n<meta property=\"og:url\" content=\"https:\/\/brunomeza.com\/index.php\/producto\/instalacion-personalizada\/\" \/>\n<meta property=\"og:site_name\" content=\"BRUNO MEZA\" \/>\n<meta property=\"article:modified_time\" content=\"2025-07-26T18:02:28+00:00\" \/>\n<meta property=\"og:image\" content=\"https:\/\/brunomeza.com\/wp-content\/uploads\/1999\/07\/Copia-de-Advancesd-Risk-Reward.jpg\" \/>\n\t<meta property=\"og:image:width\" content=\"1080\" \/>\n\t<meta property=\"og:image:height\" content=\"1080\" \/>\n\t<meta property=\"og:image:type\" content=\"image\/jpeg\" \/>\n<meta name=\"twitter:card\" content=\"summary_large_image\" \/>\n<meta name=\"twitter:label1\" content=\"Tiempo de lectura\" \/>\n\t<meta name=\"twitter:data1\" content=\"1 minuto\" \/>\n<script type=\"application\/ld+json\" class=\"yoast-schema-graph\">{\"@context\":\"https:\\\/\\\/schema.org\",\"@graph\":[{\"@type\":\"WebPage\",\"@id\":\"https:\\\/\\\/brunomeza.com\\\/index.php\\\/producto\\\/instalacion-personalizada\\\/\",\"url\":\"https:\\\/\\\/brunomeza.com\\\/index.php\\\/producto\\\/instalacion-personalizada\\\/\",\"name\":\"Instalaci\u00f3n personalizada de producto - BRUNO MEZA\",\"isPartOf\":{\"@id\":\"https:\\\/\\\/brunomeza.com\\\/#website\"},\"primaryImageOfPage\":{\"@id\":\"https:\\\/\\\/brunomeza.com\\\/index.php\\\/producto\\\/instalacion-personalizada\\\/#primaryimage\"},\"image\":{\"@id\":\"https:\\\/\\\/brunomeza.com\\\/index.php\\\/producto\\\/instalacion-personalizada\\\/#primaryimage\"},\"thumbnailUrl\":\"https:\\\/\\\/brunomeza.com\\\/wp-content\\\/uploads\\\/1999\\\/07\\\/Copia-de-Advancesd-Risk-Reward.jpg\",\"datePublished\":\"1999-07-10T19:55:15+00:00\",\"dateModified\":\"2025-07-26T18:02:28+00:00\",\"description\":\"\u00bfDeseas evitar ver y estudiar los videos de instalaci\u00f3n y dejarlo todo en manos de un experto? Entonces la instalaci\u00f3n personalizada es para ti.\",\"breadcrumb\":{\"@id\":\"https:\\\/\\\/brunomeza.com\\\/index.php\\\/producto\\\/instalacion-personalizada\\\/#breadcrumb\"},\"inLanguage\":\"es\",\"potentialAction\":[{\"@type\":\"ReadAction\",\"target\":[\"https:\\\/\\\/brunomeza.com\\\/index.php\\\/producto\\\/instalacion-personalizada\\\/\"]}]},{\"@type\":\"ImageObject\",\"inLanguage\":\"es\",\"@id\":\"https:\\\/\\\/brunomeza.com\\\/index.php\\\/producto\\\/instalacion-personalizada\\\/#primaryimage\",\"url\":\"https:\\\/\\\/brunomeza.com\\\/wp-content\\\/uploads\\\/1999\\\/07\\\/Copia-de-Advancesd-Risk-Reward.jpg\",\"contentUrl\":\"https:\\\/\\\/brunomeza.com\\\/wp-content\\\/uploads\\\/1999\\\/07\\\/Copia-de-Advancesd-Risk-Reward.jpg\",\"width\":1080,\"height\":1080,\"caption\":\"INSTALACION PERSONALIZADA\"},{\"@type\":\"BreadcrumbList\",\"@id\":\"https:\\\/\\\/brunomeza.com\\\/index.php\\\/producto\\\/instalacion-personalizada\\\/#breadcrumb\",\"itemListElement\":[{\"@type\":\"ListItem\",\"position\":1,\"name\":\"Portada\",\"item\":\"https:\\\/\\\/brunomeza.com\\\/\"},{\"@type\":\"ListItem\",\"position\":2,\"name\":\"Productos\",\"item\":\"https:\\\/\\\/brunomeza.com\\\/index.php\\\/tienda\\\/\"},{\"@type\":\"ListItem\",\"position\":3,\"name\":\"Instalaci\u00f3n personalizada de producto\"}]},{\"@type\":\"WebSite\",\"@id\":\"https:\\\/\\\/brunomeza.com\\\/#website\",\"url\":\"https:\\\/\\\/brunomeza.com\\\/\",\"name\":\"BRUNO MEZA\",\"description\":\"Programaci\u00f3n e inversi\u00f3n\",\"publisher\":{\"@id\":\"https:\\\/\\\/brunomeza.com\\\/#organization\"},\"potentialAction\":[{\"@type\":\"SearchAction\",\"target\":{\"@type\":\"EntryPoint\",\"urlTemplate\":\"https:\\\/\\\/brunomeza.com\\\/?s={search_term_string}\"},\"query-input\":{\"@type\":\"PropertyValueSpecification\",\"valueRequired\":true,\"valueName\":\"search_term_string\"}}],\"inLanguage\":\"es\"},{\"@type\":\"Organization\",\"@id\":\"https:\\\/\\\/brunomeza.com\\\/#organization\",\"name\":\"Bruno Meza\",\"url\":\"https:\\\/\\\/brunomeza.com\\\/\",\"logo\":{\"@type\":\"ImageObject\",\"inLanguage\":\"es\",\"@id\":\"https:\\\/\\\/brunomeza.com\\\/#\\\/schema\\\/logo\\\/image\\\/\",\"url\":\"https:\\\/\\\/brunomeza.com\\\/wp-content\\\/uploads\\\/2021\\\/02\\\/logoBruno.png\",\"contentUrl\":\"https:\\\/\\\/brunomeza.com\\\/wp-content\\\/uploads\\\/2021\\\/02\\\/logoBruno.png\",\"width\":800,\"height\":800,\"caption\":\"Bruno Meza\"},\"image\":{\"@id\":\"https:\\\/\\\/brunomeza.com\\\/#\\\/schema\\\/logo\\\/image\\\/\"}}]}<\/script>\n<!-- \/ Yoast SEO plugin. -->","yoast_head_json":{"title":"Instalaci\u00f3n personalizada de producto - BRUNO MEZA","description":"\u00bfDeseas evitar ver y estudiar los videos de instalaci\u00f3n y dejarlo todo en manos de un experto? Entonces la instalaci\u00f3n personalizada es para ti.","robots":{"index":"index","follow":"nofollow","max-snippet":"max-snippet:-1","max-image-preview":"max-image-preview:large","max-video-preview":"max-video-preview:-1"},"canonical":"https:\/\/brunomeza.com\/index.php\/producto\/instalacion-personalizada\/","og_locale":"es_ES","og_type":"article","og_title":"Instalaci\u00f3n personalizada de producto - BRUNO MEZA","og_description":"\u00bfDeseas evitar ver y estudiar los videos de instalaci\u00f3n y dejarlo todo en manos de un experto? Entonces la instalaci\u00f3n personalizada es para ti.","og_url":"https:\/\/brunomeza.com\/index.php\/producto\/instalacion-personalizada\/","og_site_name":"BRUNO MEZA","article_modified_time":"2025-07-26T18:02:28+00:00","og_image":[{"width":1080,"height":1080,"url":"https:\/\/brunomeza.com\/wp-content\/uploads\/1999\/07\/Copia-de-Advancesd-Risk-Reward.jpg","type":"image\/jpeg"}],"twitter_card":"summary_large_image","twitter_misc":{"Tiempo de lectura":"1 minuto"},"schema":{"@context":"https:\/\/schema.org","@graph":[{"@type":"WebPage","@id":"https:\/\/brunomeza.com\/index.php\/producto\/instalacion-personalizada\/","url":"https:\/\/brunomeza.com\/index.php\/producto\/instalacion-personalizada\/","name":"Instalaci\u00f3n personalizada de producto - BRUNO MEZA","isPartOf":{"@id":"https:\/\/brunomeza.com\/#website"},"primaryImageOfPage":{"@id":"https:\/\/brunomeza.com\/index.php\/producto\/instalacion-personalizada\/#primaryimage"},"image":{"@id":"https:\/\/brunomeza.com\/index.php\/producto\/instalacion-personalizada\/#primaryimage"},"thumbnailUrl":"https:\/\/brunomeza.com\/wp-content\/uploads\/1999\/07\/Copia-de-Advancesd-Risk-Reward.jpg","datePublished":"1999-07-10T19:55:15+00:00","dateModified":"2025-07-26T18:02:28+00:00","description":"\u00bfDeseas evitar ver y estudiar los videos de instalaci\u00f3n y dejarlo todo en manos de un experto? Entonces la instalaci\u00f3n personalizada es para ti.","breadcrumb":{"@id":"https:\/\/brunomeza.com\/index.php\/producto\/instalacion-personalizada\/#breadcrumb"},"inLanguage":"es","potentialAction":[{"@type":"ReadAction","target":["https:\/\/brunomeza.com\/index.php\/producto\/instalacion-personalizada\/"]}]},{"@type":"ImageObject","inLanguage":"es","@id":"https:\/\/brunomeza.com\/index.php\/producto\/instalacion-personalizada\/#primaryimage","url":"https:\/\/brunomeza.com\/wp-content\/uploads\/1999\/07\/Copia-de-Advancesd-Risk-Reward.jpg","contentUrl":"https:\/\/brunomeza.com\/wp-content\/uploads\/1999\/07\/Copia-de-Advancesd-Risk-Reward.jpg","width":1080,"height":1080,"caption":"INSTALACION PERSONALIZADA"},{"@type":"BreadcrumbList","@id":"https:\/\/brunomeza.com\/index.php\/producto\/instalacion-personalizada\/#breadcrumb","itemListElement":[{"@type":"ListItem","position":1,"name":"Portada","item":"https:\/\/brunomeza.com\/"},{"@type":"ListItem","position":2,"name":"Productos","item":"https:\/\/brunomeza.com\/index.php\/tienda\/"},{"@type":"ListItem","position":3,"name":"Instalaci\u00f3n personalizada de producto"}]},{"@type":"WebSite","@id":"https:\/\/brunomeza.com\/#website","url":"https:\/\/brunomeza.com\/","name":"BRUNO MEZA","description":"Programaci\u00f3n e inversi\u00f3n","publisher":{"@id":"https:\/\/brunomeza.com\/#organization"},"potentialAction":[{"@type":"SearchAction","target":{"@type":"EntryPoint","urlTemplate":"https:\/\/brunomeza.com\/?s={search_term_string}"},"query-input":{"@type":"PropertyValueSpecification","valueRequired":true,"valueName":"search_term_string"}}],"inLanguage":"es"},{"@type":"Organization","@id":"https:\/\/brunomeza.com\/#organization","name":"Bruno Meza","url":"https:\/\/brunomeza.com\/","logo":{"@type":"ImageObject","inLanguage":"es","@id":"https:\/\/brunomeza.com\/#\/schema\/logo\/image\/","url":"https:\/\/brunomeza.com\/wp-content\/uploads\/2021\/02\/logoBruno.png","contentUrl":"https:\/\/brunomeza.com\/wp-content\/uploads\/2021\/02\/logoBruno.png","width":800,"height":800,"caption":"Bruno Meza"},"image":{"@id":"https:\/\/brunomeza.com\/#\/schema\/logo\/image\/"}}]}},"_links":{"self":[{"href":"https:\/\/brunomeza.com\/index.php\/wp-json\/wp\/v2\/product\/3548","targetHints":{"allow":["GET"]}}],"collection":[{"href":"https:\/\/brunomeza.com\/index.php\/wp-json\/wp\/v2\/product"}],"about":[{"href":"https:\/\/brunomeza.com\/index.php\/wp-json\/wp\/v2\/types\/product"}],"wp:featuredmedia":[{"embeddable":true,"href":"https:\/\/brunomeza.com\/index.php\/wp-json\/wp\/v2\/media\/10021"}],"wp:attachment":[{"href":"https:\/\/brunomeza.com\/index.php\/wp-json\/wp\/v2\/media?parent=3548"}],"wp:term":[{"taxonomy":"product_brand","embeddable":true,"href":"https:\/\/brunomeza.com\/index.php\/wp-json\/wp\/v2\/product_brand?post=3548"},{"taxonomy":"product_cat","embeddable":true,"href":"https:\/\/brunomeza.com\/index.php\/wp-json\/wp\/v2\/product_cat?post=3548"},{"taxonomy":"product_tag","embeddable":true,"href":"https:\/\/brunomeza.com\/index.php\/wp-json\/wp\/v2\/product_tag?post=3548"}],"curies":[{"name":"wp","href":"https:\/\/api.w.org\/{rel}","templated":true}]}}