{"id":6279,"date":"2024-08-22T21:55:06","date_gmt":"2024-08-22T21:55:06","guid":{"rendered":"https:\/\/www.brunomeza.com\/?post_type=product&#038;p=6279"},"modified":"2025-10-21T04:17:13","modified_gmt":"2025-10-21T04:17:13","slug":"riesgo-gestor-emocional-para-ninjatrader-8","status":"publish","type":"product","link":"https:\/\/brunomeza.com\/index.php\/producto\/riesgo-gestor-emocional-para-ninjatrader-8\/","title":{"rendered":"Gestor emocional para NinjaTrader 8"},"content":{"rendered":"<h1 style=\"text-align: center;\"><strong>Gestor Emocional para NinjaTrader 8<\/strong><\/h1>\n<h1 style=\"position: relative; padding-bottom: 56.25%; height: 0; overflow: hidden; max-width: 100%; margin: 0 auto;\"><iframe style=\"position: absolute; top: 0; left: 0; width: 100%; height: 100%;\" title=\"YouTube video player\" src=\"https:\/\/www.youtube.com\/embed\/fG6pq-RVG4s?si=HliOGCp2WUVUhmDK\" frameborder=\"0\" allowfullscreen=\"allowfullscreen\"><br \/>\n<\/iframe><\/h1>\n<hr \/>\n<p><strong>\u00bfEst\u00e1s cansado de que tus emociones afecten tus operaciones y la vida \u00fatil de tus cuentas de trading?<\/strong><\/p>\n<p>El <strong>Gestor Emocional para NinjaTrader 8<\/strong> es tu aliado perfecto para seguir tu plan de trading y evitar p\u00e9rdidas innecesarias. Esta herramienta bloquea la posibilidad de operar en NinjaTrader 8 cuando incumplas alguna regla establecida en tu plan de trading.<\/p>\n<ul>\n<li>Adem\u00e1s, NO es como <strong>o<\/strong><em><strong>tras herramientas de gesti\u00f3n emocional que<\/strong> <\/em>te permiten <em><strong>cambiar<\/strong> <\/em>la configuraci\u00f3n de las reglas establecidas mientras a\u00fan no hayan sido incumplidas. Esto hace no \u00fatil a aquellas herramientas de gesti\u00f3n, ya que el operador, cuando est\u00e1 cerca a incumplir sus reglas, puede cambiar sus par\u00e1metros o, incluso, apagar su herramienta de gesti\u00f3n para continuar operando.<span style=\"color: #339966;\"> <strong>\u00a1Esto NO pasar\u00e1 con el gestor emocional de BRUNO MEZA!<\/strong> <strong>ya que las plantillas y su configuraci\u00f3n NO son modificables durante el horario operativo e inclusive, podr\u00edan no ser modificables fuera del horario operativo a elecci\u00f3n del usuario (m\u00e1s informaci\u00f3n sobre esto si sigues leyendo).<\/strong><\/span><\/li>\n<li>Por otro lado, el gestor emocional es practicamente<strong> NO DESINSTALABLE cuando tienes la protecci\u00f3n activada.<\/strong> Trabajamos en m\u00e9todos avanzados que evitan que el usuario elimine el gestor emocional de la plataforma si su protecci\u00f3n EST\u00c1 ACTIVA. Incluso si este elimina el gestor directamente de los archivos, desinstala e instala la plataforma, entre otras acciones, <strong>el gestor emocional seguir\u00e1 instalado y protegiendo tus cuentas.<\/strong><\/li>\n<li>Todas las empresas de fondeo y br\u00f3kers son compatibles (siempre y cuando se puedan conectar a NinjaTrader).<\/li>\n<li>Permite cuentas ilimitadas y puedes establecer par\u00e1metros diferentes para cada una de ellas.<\/li>\n<\/ul>\n<h2><strong>1\ufe0f\u20e3 F\u00e1cil de usar y 100% personalizable<\/strong><\/h2>\n<ol>\n<li>Crea una plantilla con los par\u00e1metros de tu trading plan.<\/li>\n<li>Vincula esa plantilla a tu cuenta de tu empresa de fondeo o br\u00f3ker.<\/li>\n<li>Enciende la protecci\u00f3n.<\/li>\n<li><strong>\u00a1Listo! Estar\u00e1s protegido.<\/strong><\/li>\n<\/ol>\n<p>Puedes crear varias plantillas y vincular cada una a diferentes cuentas. No hay l\u00edmite de cuentas y es compatible con todas las empresas de fondeo o br\u00f3kers que se puedan conectar a NinjaTrader. Actualmente los par\u00e1metros disponibles para configurar las plantillas son:<\/p>\n<ul>\n<li><strong>Instrumentos disponibles<\/strong><\/li>\n<li><strong>Horas Operativas<\/strong><\/li>\n<li><strong>Noticias<\/strong><\/li>\n<li class=\"wp-block-heading\"><strong>M\u00e1xima P\u00e9rdida por Trade<\/strong><\/li>\n<li class=\"wp-block-heading\"><strong>M\u00e1xima Ganancia por Trade<\/strong><\/li>\n<li class=\"wp-block-heading\"><strong>P\u00e9rdida Diaria M\u00e1xima<\/strong><\/li>\n<li class=\"wp-block-heading\"><strong>P\u00e9rdida Diaria M\u00e1xima Din\u00e1mica<\/strong><\/li>\n<li class=\"wp-block-heading\"><strong>Ganancia Diaria M\u00e1xima<\/strong><\/li>\n<li class=\"wp-block-heading\"><strong>P\u00e9rdida Semanal M\u00e1xima<\/strong><\/li>\n<li class=\"wp-block-heading\"><strong>Ganancia Semanal M\u00e1xima<\/strong><\/li>\n<li class=\"wp-block-heading\"><strong>L\u00edmite de Trades Totales<\/strong><\/li>\n<li class=\"wp-block-heading\"><strong>M\u00e1xima Cantidad de Contratos por Trade<\/strong><\/li>\n<li class=\"wp-block-heading\"><strong>L\u00edmite de Trades Perdedores<\/strong><\/li>\n<li class=\"wp-block-heading\"><strong>L\u00edmite de Trades Ganadores<\/strong><\/li>\n<li class=\"wp-block-heading\"><strong>Tiempo de Espera Post-P\u00e9rdida<\/strong><\/li>\n<li class=\"wp-block-heading\"><strong>Tiempo de Espera Post-Ganancia<\/strong><\/li>\n<li><strong>Bloqueo del movimiento de \u00f3rdenes de Target y Stop<\/strong><\/li>\n<li><strong>Bloqueo manual preventivo<\/strong><\/li>\n<\/ul>\n<p>Si deseas m\u00e1s informaci\u00f3n acerca de c\u00f3mo funcionan los par\u00e1metros, usa el siguiente link: <a href=\"https:\/\/www.brunomeza.com\/index.php\/2024\/06\/15\/configuracion-de-los-parametros-del-gestor-emocional-para-ninjatrader-8\/\" target=\"_blank\" rel=\"noopener\">Clic aqu\u00ed para ver m\u00e1s detalles de los par\u00e1metros disponibles en el gestor emocional<\/a><\/p>\n<h2><strong>2\ufe0f\u20e3 Bloqueo inmediato cuando incumples una regla<\/strong><\/h2>\n<p>Si incumples alguna de tus reglas, el <strong>Gestor Emocional para NinjaTrader 8<\/strong> bloquea autom\u00e1ticamente la posibilidad de operar la cuenta. Dicha cuenta estar\u00e1 bloqueada hasta el siguiente d\u00eda operativo. Es decir, el gestor emocional volver\u00e1 a habilitar la posibilidad de operar a las 6PM hora de nueva york de forma autom\u00e1tica (hora en la que inicia un nuevo d\u00eda operativo en los mercados).<\/p>\n<blockquote><p>Si tienes varias cuentas, el bloqueo solo afectar\u00e1 a la cuenta que haya incumplido las reglas. No a las dem\u00e1s.<\/p><\/blockquote>\n<h2><strong>3\ufe0f\u20e3 Las plantillas y sus par\u00e1metros NO son modificables (\u00a1No hay forma de modificarlas, ni siquiera antes de incumplir una regla de tu trading plan!)<\/strong><\/h2>\n<p>Una vez que hayas configurado tu gestor emocional y est\u00e9s listo para proteger tus cuentas, deber\u00e1s \u00abIniciar la protecci\u00f3n\u00bb. Una vez iniciada la protecci\u00f3n, ya <strong>NO<\/strong> podr\u00e1s cambiar la configuraci\u00f3n de las plantillas. De esta manera se evita que edites las reglas de tu plan de trading con la intenci\u00f3n de continuar operando.<\/p>\n<blockquote><p><em><strong>Otras herramientas de gesti\u00f3n emocional <\/strong><\/em>te permiten <em><strong>cambiar <\/strong><\/em>la configuraci\u00f3n de las reglas establecidas mientras a\u00fan no hayan sido incumplidas. Esto hace no \u00faltil a estas herramientas de gesti\u00f3n, ya que el operador, cuando est\u00e1 cerca a incumplir sus reglas, puede cambiar sus par\u00e1metros o, incluso, apagar su herramienta de gesti\u00f3n para continuar operando.<span style=\"color: #339966;\"><strong>\u00a1Esto NO pasar\u00e1 con el gestor emocional de BRUNO MEZA! ya que las plantillas y su configuraci\u00f3n NO son modificables durante el horario operativo e inclusive, podr\u00edan no ser modificables fuera del horario operativo a elecci\u00f3n del usuario (m\u00e1s informaci\u00f3n sobre esto si sigues leyendo).<\/strong><\/span><\/p><\/blockquote>\n<h2><strong>3\ufe0f\u20e3 Formas de desbloqueo y edici\u00f3n de par\u00e1metros predeterminados<\/strong><\/h2>\n<p><strong>Nuestra prioridad es protegerte de aquellos momentos de impulsividad.<\/strong> Por esta raz\u00f3n, hay ciertos filtros que se imponen para garantizar que no desbloquear\u00e1s el gestor emocional en un mal contexto emocional. Las formas de desbloqueo para la edici\u00f3n de par\u00e1metros predeterminadas son SIMPLES, pero pueden hacerse incluso m\u00e1s restrictivas a elecci\u00f3n del usuario si se configura de esa manera. Obtendr\u00e1s m\u00e1s informaci\u00f3n sobre el nivel de restricci\u00f3n superior en los pr\u00f3ximos puntos. Primero, hablaremos de las formas de desbloqueo predeterminadas y simples.<\/p>\n<p><strong>Formas de desbloqueo predeterminadas y simples<\/strong><\/p>\n<p>El gestor emocional se desbloquea mediante una contrase\u00f1a que es enviada a tu correo electr\u00f3nico y que solo puede ser utilizada bajo escenarios que garantizan que NO se desbloquear\u00e1 el gestor emocional con la intenci\u00f3n de seguir operando. Existen 2 tipos de contrase\u00f1as:<\/p>\n<ol>\n<li><strong>Contrase\u00f1a autogestionada<\/strong>: Recibes la contrase\u00f1a a tu correo personal v\u00e1lido \u00fanicamente para ese d\u00eda. Sin embargo, solo podr\u00e1s usarla en el horario de 4PM a 6PM hora de nueva york (cuando el mercado est\u00e1 cerrado). De esta manera, nos aseguramos que no lo desbloquees durante horas operativas. <em>Esta forma de desbloqueo se puede retirar a elecci\u00f3n del usuario (se explica en los siguientes puntos).<\/em><\/li>\n<li><strong>Contrase\u00f1a a la persona de confianza<\/strong>: La contrase\u00f1a se env\u00eda al correo de una persona de tu confianza, quien decidir\u00e1 si brind\u00e1rtela o no. La contrase\u00f1a solo funcionar\u00e1 ese d\u00eda y a cualquier hora. Se espera que la persona de confianza cumpla la funci\u00f3n de ser un filtro exitoso para determinar si es adecuado brindarte la contrase\u00f1a o no. Si tu persona de confianza te brinda la contrase\u00f1a muy facilmente, es mejor que NO la establezcas asumiendo la responsabilidad que solo podr\u00e1s desbloquear el gestor emocional en los horarios permitidos de la contrase\u00f1a autogestionada. <em>Esta forma de desbloqueo se puede retirar definitivamente a elecci\u00f3n del usuario (se explica en los siguientes puntos).<\/em><\/li>\n<\/ol>\n<h2><strong>4\ufe0f\u20e3 \u00a1<\/strong><strong>NUEVO! &#8211; Bloqueo de env\u00edo de contrase\u00f1as. Una forma de limitar a\u00fan m\u00e1s el desbloqueo <\/strong><strong style=\"font-size: 16px;\">(opcional).<\/strong><\/h2>\n<p><strong>Para aquellos que prefieren a\u00fan mayor restricci\u00f3n,<\/strong> puedes habilitar el <strong>\u00abbloqueo de contrase\u00f1as\u00bb<\/strong>. Como hab\u00edamos descrito anteriormente, las formas predeterminadas de desbloquear el gestor emocional de BRUNO MEZA es enviando contrase\u00f1as de desbloqueo a tu correo electr\u00f3nico o al correo electr\u00f3nico de tu persona de confianza (bajo las limitaciones ya descritas). Sin embargo, si crees que esta forma puede jugarte en contra, puedes activar el <em><strong>bloqueo de env\u00edo de contrase\u00f1as.<\/strong><\/em><\/p>\n<p>Esto har\u00e1 que el gestor emocional NO pueda desbloquearse NI usando las contrase\u00f1as anteriormente explicadas. Esta funcionalidad desactiva el env\u00edo de ambas contrase\u00f1as (tanto la autogestionada como la de persona de confianza) hasta una fecha futura que t\u00fa escoger\u00e1s. Debido a que es una restricci\u00f3n bastante fuerte, el tiempo m\u00e1ximo de bloqueo de env\u00edo de contrase\u00f1as es de 30 d\u00edas. Luego de esos 30 d\u00edas, puedes volver a activar el bloqueo de contrase\u00f1as por 30 d\u00edas m\u00e1s de forma indefinida si as\u00ed lo deseas.<\/p>\n<blockquote><p><strong>Recuerda que el gestor emocional de BRUNO MEZA reiniciar\u00e1 las reglas de las cuentas y las desbloquear\u00e1 autom\u00e1ticamente en cada inicio de d\u00eda operativo (6\u202fPM hora de Nueva\u202fYork).<\/strong><\/p><\/blockquote>\n<h2><strong>5\ufe0f\u20e3 \u00a1NUEVO! &#8211; Protecci\u00f3n extrema (M\u00e1xima seguridad, cero riesgos) <\/strong><strong style=\"font-size: 16px;\">(opcional)<\/strong><\/h2>\n<p>Para aquellos con altos conocimientos t\u00e9cnologicos, el <strong>Gestor Emocional para NinjaTrader 8<\/strong> tambi\u00e9n los protege a ellos. Inclu\u00edmos fuertes medidas de seguridad para:<\/p>\n<ol>\n<li>Evitar que el usuario pueda desinstalar el gestor emocional de forma invasiva desde los archivos.<\/li>\n<li>Evita la manipulaci\u00f3n de horarios para eludir el bloqueo de trading del gestor emocional.<\/li>\n<li>Impide que puedas abrir otras plataformas con las que podr\u00edas ejecutar operaciones cuando NinjaTrader ya se encuentra bloqueado (TradingView, Tradovate, ATAS, etc).<\/li>\n<\/ol>\n<p>\u00a1Tu trading est\u00e1 altamente protegido!<\/p>\n<h2><strong>5\ufe0f\u20e3 \u00a1NUEVO! &#8211; Instructores (opcional)<\/strong><\/h2>\n<p>Una funcionalidad bastante nueva e interesante es el uso de<strong> instructores<\/strong>. Si eres parte de una academia de trading o tu persona de confianza tiene conocimientos de trading, entonces puedes convertirla\/o en tu instructor. El instructor es una persona que, a trav\u00e9s de una plataforma web, puede controlar y configurar tu gestor emocional de forma remota.<\/p>\n<p><strong>Para qu\u00e9 sirve<\/strong><\/p>\n<p>Algunas personas, cuando necesitan realizar alg\u00fan cambio, desbloquean su gestor emocional (seg\u00fan las restricciones configuradas) y luego NUNCA vuelven a \u00abIniciar la protecci\u00f3n\u00bb, ya sea por exceso de confianza, avaricia o simplemente descuido.<\/p>\n<p>La utilidad del instructor es mantener el <strong>\u00abcandado\u00bb<\/strong> del gestor emocional fuera del alcance del usuario: Si el usuario necesita modificar algo, entonces se lo solicita al instructor para que lo realice de forma remota. De esta manera, se evita que el usuario pueda desbloquear su gestor emocional y nunca m\u00e1s bloquearlo.<\/p>\n<p><strong>Adicionalmente<\/strong><\/p>\n<p>El instructor no solo posee control remoto del gestor emocional de la persona, si no que tambi\u00e9n puede observar datos importantes como las cuentas bloqueadas y su respectivo motivo.<\/p>\n<h2><strong>\ud83e\udd1d Compatibilidad total con nuestro replicador de cuentas<\/strong><\/h2>\n<p>El <strong>Gestor Emocional para NinjaTrader 8<\/strong> es totalmente compatible con el<a href=\"https:\/\/www.brunomeza.com\/index.php\/producto\/lifetime-copiadora-de-ninjatrader-8-a-ninjatrader-8-marketeditionv36\/\" target=\"_blank\" rel=\"noopener\"> replicador de cuentas de <strong>Bruno Meza<\/strong><\/a>. Si utilizas<a href=\"https:\/\/www.brunomeza.com\/index.php\/producto\/lifetime-copiadora-de-ninjatrader-8-a-ninjatrader-8-marketeditionv36\/\" target=\"_blank\" rel=\"noopener\"> nuestro replicador de <strong>NinjaTrader 8 a NinjaTrader 8<\/strong> <\/a>o <strong>Sandboxie<\/strong>, disfrutar\u00e1s de una integraci\u00f3n perfecta.<\/p>\n<p>Otros replicadores, al no estar enlazados con el gestor emocional, pueden generar desventajas operativas. Usted es libre de usar otros replicadores siempre que sea consciente que no disfrutar\u00e1 plenamente de una compatibilidad necesaria entre ambos software. <a href=\"https:\/\/www.brunomeza.com\/index.php\/2024\/10\/15\/que-ocurre-al-replicar-con-un-replicador-de-otra-marca-mientras-utilizo-el-gestor-emocional-para-ninjatrader-8\/\" target=\"_blank\" rel=\"noopener\">Para m\u00e1s informaci\u00f3n, haz CLIC AQU\u00cd y lee este art\u00edculo sobre las DESVENTAJAS de usar el gestor emocional con otros replicadores.<\/a><\/p>\n","protected":false},"excerpt":{"rendered":"<p><strong>\u00bfEst\u00e1s cansado de que las emociones afecten tus operaciones? <\/strong>El Gestor Emocional es una herramienta capaz de bloquear NinjaTrader cuando incumples los par\u00e1metros establecidos, ayud\u00e1ndote a evitar decisiones impulsivas.<\/p>\n","protected":false},"featured_media":10007,"template":"","meta":[],"product_brand":[],"product_cat":[117],"product_tag":[],"class_list":{"0":"post-6279","1":"product","2":"type-product","3":"status-publish","4":"has-post-thumbnail","6":"product_cat-gestores-emocionales","8":"first","9":"instock","10":"sale","11":"virtual","12":"purchasable","13":"product-type-simple"},"yoast_head":"<!-- This site is optimized with the Yoast SEO plugin v27.4 - https:\/\/yoast.com\/product\/yoast-seo-wordpress\/ -->\n<title>\ud83d\udee1\ufe0f Gestor Emocional para NinjaTrader 8 - 89.95USD de POR VIDA<\/title>\n<meta name=\"description\" content=\"Protege tu capital con el Gestor Emocional para NinjaTrader 8. Bloquea NinjaTrader si incumples tus reglas de trading. F\u00e1cil de configurar y personalizar.\" \/>\n<meta name=\"robots\" content=\"index, follow, max-snippet:-1, max-image-preview:large, max-video-preview:-1\" \/>\n<link rel=\"canonical\" href=\"https:\/\/brunomeza.com\/index.php\/producto\/riesgo-gestor-emocional-para-ninjatrader-8\/\" \/>\n<meta property=\"og:locale\" content=\"es_ES\" \/>\n<meta property=\"og:type\" content=\"article\" \/>\n<meta property=\"og:title\" content=\"\ud83d\udee1\ufe0f Gestor Emocional para NinjaTrader 8 - 89.95USD de POR VIDA\" \/>\n<meta property=\"og:description\" content=\"Protege tu capital con el Gestor Emocional para NinjaTrader 8. Bloquea NinjaTrader si incumples tus reglas de trading. F\u00e1cil de configurar y personalizar.\" \/>\n<meta property=\"og:url\" content=\"https:\/\/brunomeza.com\/index.php\/producto\/riesgo-gestor-emocional-para-ninjatrader-8\/\" \/>\n<meta property=\"og:site_name\" content=\"BRUNO MEZA\" \/>\n<meta property=\"article:modified_time\" content=\"2025-10-21T04:17:13+00:00\" \/>\n<meta property=\"og:image\" content=\"https:\/\/brunomeza.com\/wp-content\/uploads\/2024\/08\/GESTOR-EMOCIONAL-3.jpg\" \/>\n\t<meta property=\"og:image:width\" content=\"1080\" \/>\n\t<meta property=\"og:image:height\" content=\"1080\" \/>\n\t<meta property=\"og:image:type\" content=\"image\/jpeg\" \/>\n<meta name=\"twitter:card\" content=\"summary_large_image\" \/>\n<meta name=\"twitter:label1\" content=\"Tiempo de lectura\" \/>\n\t<meta name=\"twitter:data1\" content=\"7 minutos\" \/>\n<script type=\"application\/ld+json\" class=\"yoast-schema-graph\">{\"@context\":\"https:\\\/\\\/schema.org\",\"@graph\":[{\"@type\":\"WebPage\",\"@id\":\"https:\\\/\\\/brunomeza.com\\\/index.php\\\/producto\\\/riesgo-gestor-emocional-para-ninjatrader-8\\\/\",\"url\":\"https:\\\/\\\/brunomeza.com\\\/index.php\\\/producto\\\/riesgo-gestor-emocional-para-ninjatrader-8\\\/\",\"name\":\"\ud83d\udee1\ufe0f Gestor Emocional para NinjaTrader 8 - 89.95USD de POR VIDA\",\"isPartOf\":{\"@id\":\"https:\\\/\\\/brunomeza.com\\\/#website\"},\"primaryImageOfPage\":{\"@id\":\"https:\\\/\\\/brunomeza.com\\\/index.php\\\/producto\\\/riesgo-gestor-emocional-para-ninjatrader-8\\\/#primaryimage\"},\"image\":{\"@id\":\"https:\\\/\\\/brunomeza.com\\\/index.php\\\/producto\\\/riesgo-gestor-emocional-para-ninjatrader-8\\\/#primaryimage\"},\"thumbnailUrl\":\"https:\\\/\\\/brunomeza.com\\\/wp-content\\\/uploads\\\/2024\\\/08\\\/GESTOR-EMOCIONAL-3.jpg\",\"datePublished\":\"2024-08-22T21:55:06+00:00\",\"dateModified\":\"2025-10-21T04:17:13+00:00\",\"description\":\"Protege tu capital con el Gestor Emocional para NinjaTrader 8. Bloquea NinjaTrader si incumples tus reglas de trading. F\u00e1cil de configurar y personalizar.\",\"breadcrumb\":{\"@id\":\"https:\\\/\\\/brunomeza.com\\\/index.php\\\/producto\\\/riesgo-gestor-emocional-para-ninjatrader-8\\\/#breadcrumb\"},\"inLanguage\":\"es\",\"potentialAction\":[{\"@type\":\"ReadAction\",\"target\":[\"https:\\\/\\\/brunomeza.com\\\/index.php\\\/producto\\\/riesgo-gestor-emocional-para-ninjatrader-8\\\/\"]}]},{\"@type\":\"ImageObject\",\"inLanguage\":\"es\",\"@id\":\"https:\\\/\\\/brunomeza.com\\\/index.php\\\/producto\\\/riesgo-gestor-emocional-para-ninjatrader-8\\\/#primaryimage\",\"url\":\"https:\\\/\\\/brunomeza.com\\\/wp-content\\\/uploads\\\/2024\\\/08\\\/GESTOR-EMOCIONAL-3.jpg\",\"contentUrl\":\"https:\\\/\\\/brunomeza.com\\\/wp-content\\\/uploads\\\/2024\\\/08\\\/GESTOR-EMOCIONAL-3.jpg\",\"width\":1080,\"height\":1080,\"caption\":\"Gestor Emocional para NinjaTrader 8\"},{\"@type\":\"BreadcrumbList\",\"@id\":\"https:\\\/\\\/brunomeza.com\\\/index.php\\\/producto\\\/riesgo-gestor-emocional-para-ninjatrader-8\\\/#breadcrumb\",\"itemListElement\":[{\"@type\":\"ListItem\",\"position\":1,\"name\":\"Portada\",\"item\":\"https:\\\/\\\/brunomeza.com\\\/\"},{\"@type\":\"ListItem\",\"position\":2,\"name\":\"Productos\",\"item\":\"https:\\\/\\\/brunomeza.com\\\/index.php\\\/tienda\\\/\"},{\"@type\":\"ListItem\",\"position\":3,\"name\":\"Gestor emocional para NinjaTrader 8\"}]},{\"@type\":\"WebSite\",\"@id\":\"https:\\\/\\\/brunomeza.com\\\/#website\",\"url\":\"https:\\\/\\\/brunomeza.com\\\/\",\"name\":\"BRUNO MEZA\",\"description\":\"Programaci\u00f3n e inversi\u00f3n\",\"publisher\":{\"@id\":\"https:\\\/\\\/brunomeza.com\\\/#organization\"},\"potentialAction\":[{\"@type\":\"SearchAction\",\"target\":{\"@type\":\"EntryPoint\",\"urlTemplate\":\"https:\\\/\\\/brunomeza.com\\\/?s={search_term_string}\"},\"query-input\":{\"@type\":\"PropertyValueSpecification\",\"valueRequired\":true,\"valueName\":\"search_term_string\"}}],\"inLanguage\":\"es\"},{\"@type\":\"Organization\",\"@id\":\"https:\\\/\\\/brunomeza.com\\\/#organization\",\"name\":\"Bruno Meza\",\"url\":\"https:\\\/\\\/brunomeza.com\\\/\",\"logo\":{\"@type\":\"ImageObject\",\"inLanguage\":\"es\",\"@id\":\"https:\\\/\\\/brunomeza.com\\\/#\\\/schema\\\/logo\\\/image\\\/\",\"url\":\"https:\\\/\\\/brunomeza.com\\\/wp-content\\\/uploads\\\/2021\\\/02\\\/logoBruno.png\",\"contentUrl\":\"https:\\\/\\\/brunomeza.com\\\/wp-content\\\/uploads\\\/2021\\\/02\\\/logoBruno.png\",\"width\":800,\"height\":800,\"caption\":\"Bruno Meza\"},\"image\":{\"@id\":\"https:\\\/\\\/brunomeza.com\\\/#\\\/schema\\\/logo\\\/image\\\/\"}}]}<\/script>\n<!-- \/ Yoast SEO plugin. -->","yoast_head_json":{"title":"\ud83d\udee1\ufe0f Gestor Emocional para NinjaTrader 8 - 89.95USD de POR VIDA","description":"Protege tu capital con el Gestor Emocional para NinjaTrader 8. Bloquea NinjaTrader si incumples tus reglas de trading. F\u00e1cil de configurar y personalizar.","robots":{"index":"index","follow":"follow","max-snippet":"max-snippet:-1","max-image-preview":"max-image-preview:large","max-video-preview":"max-video-preview:-1"},"canonical":"https:\/\/brunomeza.com\/index.php\/producto\/riesgo-gestor-emocional-para-ninjatrader-8\/","og_locale":"es_ES","og_type":"article","og_title":"\ud83d\udee1\ufe0f Gestor Emocional para NinjaTrader 8 - 89.95USD de POR VIDA","og_description":"Protege tu capital con el Gestor Emocional para NinjaTrader 8. Bloquea NinjaTrader si incumples tus reglas de trading. F\u00e1cil de configurar y personalizar.","og_url":"https:\/\/brunomeza.com\/index.php\/producto\/riesgo-gestor-emocional-para-ninjatrader-8\/","og_site_name":"BRUNO MEZA","article_modified_time":"2025-10-21T04:17:13+00:00","og_image":[{"width":1080,"height":1080,"url":"https:\/\/brunomeza.com\/wp-content\/uploads\/2024\/08\/GESTOR-EMOCIONAL-3.jpg","type":"image\/jpeg"}],"twitter_card":"summary_large_image","twitter_misc":{"Tiempo de lectura":"7 minutos"},"schema":{"@context":"https:\/\/schema.org","@graph":[{"@type":"WebPage","@id":"https:\/\/brunomeza.com\/index.php\/producto\/riesgo-gestor-emocional-para-ninjatrader-8\/","url":"https:\/\/brunomeza.com\/index.php\/producto\/riesgo-gestor-emocional-para-ninjatrader-8\/","name":"\ud83d\udee1\ufe0f Gestor Emocional para NinjaTrader 8 - 89.95USD de POR VIDA","isPartOf":{"@id":"https:\/\/brunomeza.com\/#website"},"primaryImageOfPage":{"@id":"https:\/\/brunomeza.com\/index.php\/producto\/riesgo-gestor-emocional-para-ninjatrader-8\/#primaryimage"},"image":{"@id":"https:\/\/brunomeza.com\/index.php\/producto\/riesgo-gestor-emocional-para-ninjatrader-8\/#primaryimage"},"thumbnailUrl":"https:\/\/brunomeza.com\/wp-content\/uploads\/2024\/08\/GESTOR-EMOCIONAL-3.jpg","datePublished":"2024-08-22T21:55:06+00:00","dateModified":"2025-10-21T04:17:13+00:00","description":"Protege tu capital con el Gestor Emocional para NinjaTrader 8. Bloquea NinjaTrader si incumples tus reglas de trading. F\u00e1cil de configurar y personalizar.","breadcrumb":{"@id":"https:\/\/brunomeza.com\/index.php\/producto\/riesgo-gestor-emocional-para-ninjatrader-8\/#breadcrumb"},"inLanguage":"es","potentialAction":[{"@type":"ReadAction","target":["https:\/\/brunomeza.com\/index.php\/producto\/riesgo-gestor-emocional-para-ninjatrader-8\/"]}]},{"@type":"ImageObject","inLanguage":"es","@id":"https:\/\/brunomeza.com\/index.php\/producto\/riesgo-gestor-emocional-para-ninjatrader-8\/#primaryimage","url":"https:\/\/brunomeza.com\/wp-content\/uploads\/2024\/08\/GESTOR-EMOCIONAL-3.jpg","contentUrl":"https:\/\/brunomeza.com\/wp-content\/uploads\/2024\/08\/GESTOR-EMOCIONAL-3.jpg","width":1080,"height":1080,"caption":"Gestor Emocional para NinjaTrader 8"},{"@type":"BreadcrumbList","@id":"https:\/\/brunomeza.com\/index.php\/producto\/riesgo-gestor-emocional-para-ninjatrader-8\/#breadcrumb","itemListElement":[{"@type":"ListItem","position":1,"name":"Portada","item":"https:\/\/brunomeza.com\/"},{"@type":"ListItem","position":2,"name":"Productos","item":"https:\/\/brunomeza.com\/index.php\/tienda\/"},{"@type":"ListItem","position":3,"name":"Gestor emocional para NinjaTrader 8"}]},{"@type":"WebSite","@id":"https:\/\/brunomeza.com\/#website","url":"https:\/\/brunomeza.com\/","name":"BRUNO MEZA","description":"Programaci\u00f3n e inversi\u00f3n","publisher":{"@id":"https:\/\/brunomeza.com\/#organization"},"potentialAction":[{"@type":"SearchAction","target":{"@type":"EntryPoint","urlTemplate":"https:\/\/brunomeza.com\/?s={search_term_string}"},"query-input":{"@type":"PropertyValueSpecification","valueRequired":true,"valueName":"search_term_string"}}],"inLanguage":"es"},{"@type":"Organization","@id":"https:\/\/brunomeza.com\/#organization","name":"Bruno Meza","url":"https:\/\/brunomeza.com\/","logo":{"@type":"ImageObject","inLanguage":"es","@id":"https:\/\/brunomeza.com\/#\/schema\/logo\/image\/","url":"https:\/\/brunomeza.com\/wp-content\/uploads\/2021\/02\/logoBruno.png","contentUrl":"https:\/\/brunomeza.com\/wp-content\/uploads\/2021\/02\/logoBruno.png","width":800,"height":800,"caption":"Bruno Meza"},"image":{"@id":"https:\/\/brunomeza.com\/#\/schema\/logo\/image\/"}}]}},"_links":{"self":[{"href":"https:\/\/brunomeza.com\/index.php\/wp-json\/wp\/v2\/product\/6279","targetHints":{"allow":["GET"]}}],"collection":[{"href":"https:\/\/brunomeza.com\/index.php\/wp-json\/wp\/v2\/product"}],"about":[{"href":"https:\/\/brunomeza.com\/index.php\/wp-json\/wp\/v2\/types\/product"}],"wp:featuredmedia":[{"embeddable":true,"href":"https:\/\/brunomeza.com\/index.php\/wp-json\/wp\/v2\/media\/10007"}],"wp:attachment":[{"href":"https:\/\/brunomeza.com\/index.php\/wp-json\/wp\/v2\/media?parent=6279"}],"wp:term":[{"taxonomy":"product_brand","embeddable":true,"href":"https:\/\/brunomeza.com\/index.php\/wp-json\/wp\/v2\/product_brand?post=6279"},{"taxonomy":"product_cat","embeddable":true,"href":"https:\/\/brunomeza.com\/index.php\/wp-json\/wp\/v2\/product_cat?post=6279"},{"taxonomy":"product_tag","embeddable":true,"href":"https:\/\/brunomeza.com\/index.php\/wp-json\/wp\/v2\/product_tag?post=6279"}],"curies":[{"name":"wp","href":"https:\/\/api.w.org\/{rel}","templated":true}]}}